{"id":30103,"date":"2023-12-07T16:20:39","date_gmt":"2023-12-07T16:20:39","guid":{"rendered":"https:\/\/www.namtek.ca\/telecharger-le-livre-blanc-sur-lintegration-de-shopify\/"},"modified":"2024-03-18T14:29:11","modified_gmt":"2024-03-18T14:29:11","slug":"telecharger-le-livre-blanc-sur-lintegration-de-shopify","status":"publish","type":"page","link":"https:\/\/www.namtek.ca\/fr\/telecharger-le-livre-blanc-sur-lintegration-de-shopify\/","title":{"rendered":"T\u00e9l\u00e9charger le livre blanc sur l&rsquo;int\u00e9gration de Shopify"},"content":{"rendered":"<div  class='flex_column av-783tp1g-301963de8bbea4911e31616566a6b8f4 av_one_full  avia-builder-el-0  el_before_av_section  avia-builder-el-no-sibling  first flex_column_div  '     ><section  class='av_textblock_section av-lpvdardd-e2b6841234d865c131ffce51e7bafeb0 '   itemscope=\"itemscope\" itemtype=\"https:\/\/schema.org\/CreativeWork\" ><div class='avia_textblock'  itemprop=\"text\" ><h1 style=\"text-align: center;\">Optimisez votre boutique en ligne: Le livre blanc complet sur l&rsquo;int\u00e9gration Shopify enti\u00e8rement g\u00e9r\u00e9e<\/h1>\n<\/div><\/section><br \/>\n<div  class='hr av-6w0b410-3c9e8036fb882a5afdba3610eb6a4a6a hr-short  avia-builder-el-2  el_after_av_textblock  el_before_av_textblock  hr-center'><span class='hr-inner '><span class=\"hr-inner-style\"><\/span><\/span><\/div><br \/>\n<section  class='av_textblock_section av-lpvdc7vs-2fd827715957b6cd44867c1be3882791 '   itemscope=\"itemscope\" itemtype=\"https:\/\/schema.org\/CreativeWork\" ><div class='avia_textblock'  itemprop=\"text\" ><p style=\"text-align: center;\">Lib\u00e9rez le potentiel de votre boutique <strong>Shopify<\/strong> avec notre livre blanc complet sur <strong>l&rsquo;int\u00e9gration Shopify enti\u00e8rement g\u00e9r\u00e9e<\/strong>.<\/p>\n<p style=\"text-align: center;\">D\u00e9couvrez comment notre approche enti\u00e8rement g\u00e9r\u00e9e peut am\u00e9liorer vos op\u00e9rations de <a href=\"https:\/\/www.namtek.ca\/fr\/integration-du-commerce-electronique\/\" target=\"_blank\" rel=\"noopener\">commerce \u00e9lectronique<\/a> et rationaliser vos flux de travail. Ce livre blanc est votre guide pour ma\u00eetriser <a href=\"https:\/\/www.edi2xml.com\/fully-managed-shopify-integration\/\" target=\"_blank\" rel=\"noopener\">l&rsquo;int\u00e9gration Shopify<\/a>, du drop-shipping et de l&rsquo;EDI \u00e0 l&rsquo;automatisation du traitement des commandes. T\u00e9l\u00e9chargez-le maintenant pour obtenir l&rsquo;avis d&rsquo;un expert.<\/p>\n<\/div><\/section><\/p><\/div>\n<\/div><\/div><\/div><!-- close content main div --><\/div><\/div><div id='av_section_1'  class='avia-section av-689cnc4-8c6b5041d430302b071eebe2d9ea7662 alternate_color avia-section-default avia-shadow  avia-builder-el-4  el_after_av_one_full  el_before_av_section  avia-bg-style-scroll container_wrap sidebar_right'  ><div class='container av-section-cont-open' ><div class='template-page content  av-content-small alpha units'><div class='post-entry post-entry-type-page post-entry-30103'><div class='entry-content-wrapper clearfix'>\n<div  class='flex_column av-5vtt3wk-c13e29c328a2cbe09ed4dfeaa69857b3 av_one_half  avia-builder-el-5  el_before_av_one_half  avia-builder-el-first  first flex_column_div  '     ><style type=\"text\/css\" data-created_by=\"avia_inline_auto\" id=\"style-css-av-lpvdcmve-ff456f2f154aa9ea5c46a7c7c857add4\">\n.avia-image-container.av-lpvdcmve-ff456f2f154aa9ea5c46a7c7c857add4 img.avia_image{\nbox-shadow:none;\n}\n.avia-image-container.av-lpvdcmve-ff456f2f154aa9ea5c46a7c7c857add4 .av-image-caption-overlay-center{\ncolor:#ffffff;\n}\n<\/style>\n<div  class='avia-image-container av-lpvdcmve-ff456f2f154aa9ea5c46a7c7c857add4 av-styling- avia-align-center  avia-builder-el-6  avia-builder-el-no-sibling '   itemprop=\"image\" itemscope=\"itemscope\" itemtype=\"https:\/\/schema.org\/ImageObject\" ><div class=\"avia-image-container-inner\"><div class=\"avia-image-overlay-wrap\"><img decoding=\"async\" fetchpriority=\"high\" class='wp-image-30073 avia-img-lazy-loading-not-30073 avia_image ' src=\"https:\/\/www.namtek.ca\/wp-content\/uploads\/2023\/12\/Namtek-Shopify-Integration-845x684.jpg\" alt='Shopify integration' title='Namtek-Shopify-Integration'  height=\"684\" width=\"845\"  itemprop=\"thumbnailUrl\" srcset=\"https:\/\/www.namtek.ca\/wp-content\/uploads\/2023\/12\/Namtek-Shopify-Integration-845x684.jpg 845w, https:\/\/www.namtek.ca\/wp-content\/uploads\/2023\/12\/Namtek-Shopify-Integration-495x400.jpg 495w\" sizes=\"(max-width: 845px) 100vw, 845px\" \/><\/div><\/div><\/div><\/div><div  class='flex_column av-av_one_half-f73a11ccd29996a2a11249d534554c23 av_one_half  avia-builder-el-7  el_after_av_one_half  avia-builder-el-last  flex_column_div  '     ><form action=\"https:\/\/www.namtek.ca\/fr\/telecharger-le-livre-blanc-sur-lintegration-de-shopify\/\" method=\"post\" data-fields-with-error=\"Erreurs trouv\u00e9es dans les champs suivants :\" class=\"avia_ajax_form av-form-labels-visible   avia-builder-el-8  avia-builder-el-no-sibling   \" data-avia-form-id=\"1\" data-avia-redirect='https:\/\/www.namtek.ca\/fr\/merci-shopify-livre-blanc\/' ><h3 class=''>T\u00e9l\u00e9chargez le livre blanc sur l\u2019int\u00e9gration Shopify (en anglais uniquement)<\/h3><fieldset><p class='  first_form  form_element form_fullwidth' id='element_avia_1_1'><label for=\"avia_1_1\">Nom complet <abbr class=\"required\" title=\"requis(e)\">*<\/abbr><\/label> <input name=\"avia_1_1\" class=\"text_input is_empty\" type=\"text\" id=\"avia_1_1\" value=\"\" \/><\/p><p class='  first_form  form_element form_fullwidth' id='element_avia_2_1'><label for=\"avia_2_1\">Courriel  <abbr class=\"required\" title=\"requis(e)\">*<\/abbr><\/label> <input name=\"avia_2_1\" class=\"text_input is_email\" type=\"text\" id=\"avia_2_1\" value=\"\" \/><\/p><p class='  first_form  form_element form_fullwidth' id='element_avia_3_1'><label for=\"avia_3_1\">Num\u00e9ro de t\u00e9l\u00e9phone <abbr class=\"required\" title=\"requis(e)\">*<\/abbr><\/label> <input name=\"avia_3_1\" class=\"text_input is_phone\" type=\"text\" id=\"avia_3_1\" value=\"\" \/><\/p><p class='  first_form  form_element form_fullwidth' id='element_avia_4_1'><label for=\"avia_4_1\">Nom de l\u2019entreprise <abbr class=\"required\" title=\"requis(e)\">*<\/abbr><\/label> <input name=\"avia_4_1\" class=\"text_input is_empty\" type=\"text\" id=\"avia_4_1\" value=\"\" \/><\/p><p class='  first_form  form_element form_fullwidth av-last-visible-form-element' id='element_avia_5_1'><input  name=\"avia_5_1\" class=\"input_checkbox is_empty\" type=\"checkbox\" id=\"avia_5_1\" value=\"true\"\/><label class=\"input_checkbox_label\" for=\"avia_5_1\">J\u2019accepte de m\u2019inscrire aux newsletters des Services de Consultation Namtek <abbr class=\"required\" title=\"requis(e)\">*<\/abbr><\/label><\/p><p class=\"hidden\"><input type=\"text\" name=\"avia_6_1\" class=\"hidden \" id=\"avia_6_1\" value=\"\" \/><\/p><p class=\"form_element \"><input type=\"hidden\" value=\"1\" name=\"avia_generated_form1\" \/><input type=\"submit\" value=\"T\u00e9l\u00e9charger le PDF\" class=\"button\"  data-sending-label=\"Envoi\"\/><\/p><\/fieldset><\/form><div id=\"ajaxresponse_1\" class=\"ajaxresponse ajaxresponse_1 hidden\"><\/div><\/div><\/div><\/div><\/div><!-- close content main div --><\/div><\/div><div id='av_section_2'  class='avia-section av-2junzvo-1edab3a660cf3d3fd5d0965f0aedc5d4 main_color avia-section-default avia-no-border-styling  avia-builder-el-9  el_after_av_section  el_before_av_promobox  avia-bg-style-scroll container_wrap sidebar_right'  ><div class='container av-section-cont-open' ><div class='template-page content  av-content-small alpha units'><div class='post-entry post-entry-type-page post-entry-30103'><div class='entry-content-wrapper clearfix'>\n<section  class='av_textblock_section av-1yflibo-45987bc1e02f7915ca5561000cbf8275 '   itemscope=\"itemscope\" itemtype=\"https:\/\/schema.org\/CreativeWork\" ><div class='avia_textblock'  itemprop=\"text\" ><h2>Contenu :<\/h2>\n<\/div><\/section>\n<div  class='flex_column av-1idwm1w-60ff96d71f7555d16b811484596a38b2 av_one_half  avia-builder-el-11  el_after_av_textblock  el_before_av_one_half  first flex_column_div  column-top-margin'     ><style type=\"text\/css\" data-created_by=\"avia_inline_auto\" id=\"style-css-av-lpvds8u1-7ad6a9d165002bb9f123a032be7415be\">\n@keyframes av_sonarEffect_av-lpvds8u1-7ad6a9d165002bb9f123a032be7415be {\n  0% {opacity: 0.3;}\n 50% {opacity: 0.5;}\n100% {opacity: 0.5; transform: scale(1.17);}\n}\n#top .avia-icon-list-container.av-lpvds8u1-7ad6a9d165002bb9f123a032be7415be .iconlist_icon{\nbackground-color:#8999c7;\n}\n#top .avia-icon-list-container.av-lpvds8u1-7ad6a9d165002bb9f123a032be7415be .iconlist_icon:hover{\nanimation:av_sonarEffect_av-lpvds8u1-7ad6a9d165002bb9f123a032be7415be 0.6s ease-in-out;\n}\n<\/style>\n<div  class='avia-icon-list-container av-lpvds8u1-7ad6a9d165002bb9f123a032be7415be  avia-builder-el-12  avia-builder-el-no-sibling '><ul class='avia-icon-list avia_animate_when_almost_visible avia-icon-list-left av-iconlist-big av-lpvds8u1-7ad6a9d165002bb9f123a032be7415be avia-iconlist-animate avia-sonar-shadow'>\n<li><div class='iconlist_icon av-lpvdqpf9-50b05295e8e6f19da48d962bce7a3963 avia-font-entypo-fontello avia-iconfont avia-font-entypo-fontello'><span class='av-icon-char' data-av_icon='\ue859' data-av_iconfont='entypo-fontello' aria-hidden=\"true\"><\/span><\/div><article class=\"article-icon-entry av-iconlist-empty\"  itemscope=\"itemscope\" itemtype=\"https:\/\/schema.org\/CreativeWork\" ><div class=\"iconlist_content_wrap\"><header class=\"entry-content-header\" aria-label=\"Ic\u00f4ne : Tendances Shopify et commerce \u00e9lectronique\"><h4 class='av_iconlist_title iconlist_title  '  itemprop=\"headline\" >Tendances Shopify et commerce \u00e9lectronique<\/h4><\/header><div class='iconlist_content '  itemprop=\"text\" ><\/div><\/div><footer class=\"entry-footer\"><\/footer><\/article><div class=\"iconlist-timeline\"><\/div><\/li>\n<li><div class='iconlist_icon av-lpvds568-2d5944ec0eb33fddd407508407cbaf64 avia-font-entypo-fontello avia-iconfont avia-font-entypo-fontello'><span class='av-icon-char' data-av_icon='\ue894' data-av_iconfont='entypo-fontello' aria-hidden=\"true\"><\/span><\/div><article class=\"article-icon-entry av-iconlist-empty\"  itemscope=\"itemscope\" itemtype=\"https:\/\/schema.org\/CreativeWork\" ><div class=\"iconlist_content_wrap\"><header class=\"entry-content-header\" aria-label=\"Ic\u00f4ne : Shopify et int\u00e9gration EDI\"><h4 class='av_iconlist_title iconlist_title  '  itemprop=\"headline\" >Shopify et int\u00e9gration EDI<\/h4><\/header><div class='iconlist_content '  itemprop=\"text\" ><\/div><\/div><footer class=\"entry-footer\"><\/footer><\/article><div class=\"iconlist-timeline\"><\/div><\/li>\n<\/ul><\/div><\/div><div  class='flex_column av-18iaef8-ea90f4e94946b9f823cf72d270a0f126 av_one_half  avia-builder-el-13  el_after_av_one_half  avia-builder-el-last  flex_column_div  column-top-margin'     ><style type=\"text\/css\" data-created_by=\"avia_inline_auto\" id=\"style-css-av-lpvdudjk-194c20ffb7ded90cfd6489eaae7affaa\">\n@keyframes av_sonarEffect_av-lpvdudjk-194c20ffb7ded90cfd6489eaae7affaa {\n  0% {opacity: 0.3;}\n 50% {opacity: 0.5;}\n100% {opacity: 0.5; transform: scale(1.17);}\n}\n#top .avia-icon-list-container.av-lpvdudjk-194c20ffb7ded90cfd6489eaae7affaa .iconlist_icon{\nbackground-color:#8999c7;\n}\n#top .avia-icon-list-container.av-lpvdudjk-194c20ffb7ded90cfd6489eaae7affaa .iconlist_icon:hover{\nanimation:av_sonarEffect_av-lpvdudjk-194c20ffb7ded90cfd6489eaae7affaa 0.6s ease-in-out;\n}\n<\/style>\n<div  class='avia-icon-list-container av-lpvdudjk-194c20ffb7ded90cfd6489eaae7affaa  avia-builder-el-14  avia-builder-el-no-sibling '><ul class='avia-icon-list avia_animate_when_almost_visible avia-icon-list-left av-iconlist-big av-lpvdudjk-194c20ffb7ded90cfd6489eaae7affaa avia-sonar-shadow'>\n<li><div class='iconlist_icon av-lpvducjs-6df07b733d89ac56f1b99a9220c31c1b avia-font-entypo-fontello avia-iconfont avia-font-entypo-fontello'><span class='av-icon-char' data-av_icon='\ue82b' data-av_iconfont='entypo-fontello' aria-hidden=\"true\"><\/span><\/div><article class=\"article-icon-entry av-iconlist-empty\"  itemscope=\"itemscope\" itemtype=\"https:\/\/schema.org\/CreativeWork\" ><div class=\"iconlist_content_wrap\"><header class=\"entry-content-header\" aria-label=\"Ic\u00f4ne : Service d\u2019int\u00e9gration Shopify enti\u00e8rement g\u00e9r\u00e9\"><h4 class='av_iconlist_title iconlist_title  '  itemprop=\"headline\" >Service d\u2019int\u00e9gration Shopify enti\u00e8rement g\u00e9r\u00e9<\/h4><\/header><div class='iconlist_content '  itemprop=\"text\" ><\/div><\/div><footer class=\"entry-footer\"><\/footer><\/article><div class=\"iconlist-timeline\"><\/div><\/li>\n<li><div class='iconlist_icon av-lpve8s8b-1009bb5c5374d34740a9a6f59589ef2f avia-font-entypo-fontello avia-iconfont avia-font-entypo-fontello'><span class='av-icon-char' data-av_icon='\ue891' data-av_iconfont='entypo-fontello' aria-hidden=\"true\"><\/span><\/div><article class=\"article-icon-entry av-iconlist-empty\"  itemscope=\"itemscope\" itemtype=\"https:\/\/schema.org\/CreativeWork\" ><div class=\"iconlist_content_wrap\"><header class=\"entry-content-header\" aria-label=\"Ic\u00f4ne : Flux de travail EDI dans un syst\u00e8me de dropshipping Shopify\"><h4 class='av_iconlist_title iconlist_title  '  itemprop=\"headline\" >Flux de travail EDI dans un syst\u00e8me de dropshipping Shopify<\/h4><\/header><div class='iconlist_content '  itemprop=\"text\" ><\/div><\/div><footer class=\"entry-footer\"><\/footer><\/article><div class=\"iconlist-timeline\"><\/div><\/li>\n<\/ul><\/div><\/div>\n<\/div><\/div><\/div><!-- close content main div --><\/div><\/div><div id='after_section_2'  class='main_color av_default_container_wrap container_wrap sidebar_right'  ><div class='container av-section-cont-open' ><div class='template-page content  av-content-small alpha units'><div class='post-entry post-entry-type-page post-entry-30103'><div class='entry-content-wrapper clearfix'><\/p>\n<div  class='av_promobox av-av_promobox-66099f9ef9ce7ca48361e6f344aabef3 avia-button-yes  avia-builder-el-15  el_after_av_section  avia-builder-el-no-sibling '><div class='avia-promocontent'><p>\nVous ne savez pas si votre entreprise fonctionne aussi efficacement que possible ? Demandez une s\u00e9ance de consultation individuelle <strong>GRATUITE<\/strong> avec nos experts internes.<\/p>\n<\/div><div  class='avia-button-wrap av-av_button-4512604f41b42ed8f771cd9117de4486-wrap avia-button-right '><a href='https:\/\/www.namtek.ca\/fr\/obtenez-une-consultation-gratuite-sur-linformatique\/'  class='avia-button av-av_button-4512604f41b42ed8f771cd9117de4486 av-link-btn avia-icon_select-no avia-size-large avia-position-right avia-color-theme-color'   aria-label=\"PLANIFIER UN APPEL\"><span class='avia_iconbox_title' >PLANIFIER UN APPEL<\/span><\/a><\/div><\/div>\n","protected":false},"excerpt":{"rendered":"","protected":false},"author":35,"featured_media":0,"parent":0,"menu_order":0,"comment_status":"closed","ping_status":"closed","template":"","meta":{"_lmt_disableupdate":"","_lmt_disable":"","_monsterinsights_skip_tracking":false,"_monsterinsights_sitenote_active":false,"_monsterinsights_sitenote_note":"","_monsterinsights_sitenote_category":0,"footnotes":"","_links_to":"","_links_to_target":""},"categories":[],"tags":[],"class_list":["post-30103","page","type-page","status-publish","hentry"],"aioseo_notices":[],"_links":{"self":[{"href":"https:\/\/www.namtek.ca\/fr\/wp-json\/wp\/v2\/pages\/30103","targetHints":{"allow":["GET"]}}],"collection":[{"href":"https:\/\/www.namtek.ca\/fr\/wp-json\/wp\/v2\/pages"}],"about":[{"href":"https:\/\/www.namtek.ca\/fr\/wp-json\/wp\/v2\/types\/page"}],"author":[{"embeddable":true,"href":"https:\/\/www.namtek.ca\/fr\/wp-json\/wp\/v2\/users\/35"}],"replies":[{"embeddable":true,"href":"https:\/\/www.namtek.ca\/fr\/wp-json\/wp\/v2\/comments?post=30103"}],"version-history":[{"count":8,"href":"https:\/\/www.namtek.ca\/fr\/wp-json\/wp\/v2\/pages\/30103\/revisions"}],"predecessor-version":[{"id":30115,"href":"https:\/\/www.namtek.ca\/fr\/wp-json\/wp\/v2\/pages\/30103\/revisions\/30115"}],"wp:attachment":[{"href":"https:\/\/www.namtek.ca\/fr\/wp-json\/wp\/v2\/media?parent=30103"}],"wp:term":[{"taxonomy":"category","embeddable":true,"href":"https:\/\/www.namtek.ca\/fr\/wp-json\/wp\/v2\/categories?post=30103"},{"taxonomy":"post_tag","embeddable":true,"href":"https:\/\/www.namtek.ca\/fr\/wp-json\/wp\/v2\/tags?post=30103"}],"curies":[{"name":"wp","href":"https:\/\/api.w.org\/{rel}","templated":true}]}}