{"id":30039,"date":"2023-12-05T15:00:32","date_gmt":"2023-12-05T15:00:32","guid":{"rendered":"https:\/\/www.namtek.ca\/telecharger-le-guide-dintroduction-a-ledi\/"},"modified":"2024-03-18T14:23:24","modified_gmt":"2024-03-18T14:23:24","slug":"telecharger-le-guide-dintroduction-a-ledi","status":"publish","type":"page","link":"https:\/\/www.namtek.ca\/fr\/telecharger-le-guide-dintroduction-a-ledi\/","title":{"rendered":"T\u00e9l\u00e9charger le guide d&rsquo;introduction \u00e0 l&rsquo;EDI"},"content":{"rendered":"<div  class='flex_column av-9tiod5i-448953fa121ce18b739838293682c765 av_one_full  avia-builder-el-0  el_before_av_section  avia-builder-el-no-sibling  first flex_column_div  '     ><section  class='av_textblock_section av-lprg6bvy-550fcc4d825914cf4c0ccab6e96e9534 '   itemscope=\"itemscope\" itemtype=\"https:\/\/schema.org\/CreativeWork\" ><div class='avia_textblock'  itemprop=\"text\" ><h1 style=\"text-align: center;\">Ma\u00eetrisez l&rsquo;<a href=\"https:\/\/www.namtek.ca\/fr\/integration-edi\/\" target=\"_blank\" rel=\"noopener\">EDI<\/a>: Un guide complet pour une communication d&rsquo;entreprise fluide !<\/h1>\n<\/div><\/section><br \/>\n<div  class='hr av-9al9rau-b7e6d908bd1dff49c7de41b1f3dc783e hr-short  avia-builder-el-2  el_after_av_textblock  el_before_av_textblock  hr-center'><span class='hr-inner '><span class=\"hr-inner-style\"><\/span><\/span><\/div><br \/>\n<section  class='av_textblock_section av-lprg7ir3-d7766f38b73d01c33fc54818927911da '   itemscope=\"itemscope\" itemtype=\"https:\/\/schema.org\/CreativeWork\" ><div class='avia_textblock'  itemprop=\"text\" ><p>Pr\u00eat \u00e0 r\u00e9volutionner la communication de votre entreprise ? T\u00e9l\u00e9chargez maintenant notre Guide Complet sur l&rsquo;<a href=\"https:\/\/www.edi2xml.com\/\" target=\"_blank\" rel=\"noopener\">EDI<\/a>. Remplissez simplement le formulaire ci-dessous pour acc\u00e9der instantan\u00e9ment et am\u00e9liorer votre gestion des \u00e9changes de donn\u00e9es !<\/p>\n<\/div><\/section><\/p><\/div>\n<\/div><\/div><\/div><!-- close content main div --><\/div><\/div><div id='av_section_1'  class='avia-section av-8xbpyza-71e27057e50e9fc631a17390477d2e73 alternate_color avia-section-default avia-shadow  avia-builder-el-4  el_after_av_one_full  el_before_av_section  avia-bg-style-scroll container_wrap sidebar_right'  ><div class='container av-section-cont-open' ><div class='template-page content  av-content-small alpha units'><div class='post-entry post-entry-type-page post-entry-30039'><div class='entry-content-wrapper clearfix'>\n<div  class='flex_column av-8gqi22e-d40b15c7eb8512d4dbb33a6f032cb390 av_one_half  avia-builder-el-5  el_before_av_one_half  avia-builder-el-first  first flex_column_div  '     ><style type=\"text\/css\" data-created_by=\"avia_inline_auto\" id=\"style-css-av-lprg8699-fe978b015368fa385f75f26e7642794f\">\n.avia-image-container.av-lprg8699-fe978b015368fa385f75f26e7642794f img.avia_image{\nbox-shadow:none;\n}\n.avia-image-container.av-lprg8699-fe978b015368fa385f75f26e7642794f .av-image-caption-overlay-center{\ncolor:#ffffff;\n}\n<\/style>\n<div  class='avia-image-container av-lprg8699-fe978b015368fa385f75f26e7642794f av-styling- avia-align-center  avia-builder-el-6  avia-builder-el-no-sibling '   itemprop=\"image\" itemscope=\"itemscope\" itemtype=\"https:\/\/schema.org\/ImageObject\" ><div class=\"avia-image-container-inner\"><div class=\"avia-image-overlay-wrap\"><img decoding=\"async\" fetchpriority=\"high\" class='wp-image-30001 avia-img-lazy-loading-not-30001 avia_image ' src=\"https:\/\/www.namtek.ca\/wp-content\/uploads\/2023\/12\/Namtek-EDI-Guide-845x684.jpg\" alt='Intro to EDI' title='Namtek-EDI-Guide'  height=\"684\" width=\"845\"  itemprop=\"thumbnailUrl\" srcset=\"https:\/\/www.namtek.ca\/wp-content\/uploads\/2023\/12\/Namtek-EDI-Guide-845x684.jpg 845w, https:\/\/www.namtek.ca\/wp-content\/uploads\/2023\/12\/Namtek-EDI-Guide-495x400.jpg 495w\" sizes=\"(max-width: 845px) 100vw, 845px\" \/><\/div><\/div><\/div><\/div><div  class='flex_column av-85yz0eu-69eb432122a0d2df9075ce37095674f7 av_one_half  avia-builder-el-7  el_after_av_one_half  avia-builder-el-last  flex_column_div  '     ><form action=\"https:\/\/www.namtek.ca\/fr\/telecharger-le-guide-dintroduction-a-ledi\/\" method=\"post\" data-fields-with-error=\"Erreurs trouv\u00e9es dans les champs suivants :\" class=\"avia_ajax_form av-form-labels-visible   avia-builder-el-8  avia-builder-el-no-sibling   \" data-avia-form-id=\"1\" data-avia-redirect='https:\/\/www.namtek.ca\/fr\/merci-guide-edi\/' ><h3 class=''>T\u00e9l\u00e9chargez gratuitement notre guide : Introduction \u00e0 la communication EDI<\/h3><fieldset><p class='  first_form  form_element form_fullwidth' id='element_avia_1_1'><label for=\"avia_1_1\">Nom complet <abbr class=\"required\" title=\"requis(e)\">*<\/abbr><\/label> <input name=\"avia_1_1\" class=\"text_input is_empty\" type=\"text\" id=\"avia_1_1\" value=\"\" \/><\/p><p class='  first_form  form_element form_fullwidth' id='element_avia_2_1'><label for=\"avia_2_1\">Courriel  <abbr class=\"required\" title=\"requis(e)\">*<\/abbr><\/label> <input name=\"avia_2_1\" class=\"text_input is_email\" type=\"text\" id=\"avia_2_1\" value=\"\" \/><\/p><p class='  first_form  form_element form_fullwidth' id='element_avia_3_1'><label for=\"avia_3_1\">Num\u00e9ro de t\u00e9l\u00e9phone <abbr class=\"required\" title=\"requis(e)\">*<\/abbr><\/label> <input name=\"avia_3_1\" class=\"text_input is_phone\" type=\"text\" id=\"avia_3_1\" value=\"\" \/><\/p><p class='  first_form  form_element form_fullwidth' id='element_avia_4_1'><label for=\"avia_4_1\">Nom de l\u2019entreprise <abbr class=\"required\" title=\"requis(e)\">*<\/abbr><\/label> <input name=\"avia_4_1\" class=\"text_input is_empty\" type=\"text\" id=\"avia_4_1\" value=\"\" \/><\/p><p class='  first_form  form_element form_fullwidth av-last-visible-form-element' id='element_avia_5_1'><input  name=\"avia_5_1\" class=\"input_checkbox is_empty\" type=\"checkbox\" id=\"avia_5_1\" value=\"true\"\/><label class=\"input_checkbox_label\" for=\"avia_5_1\">J\u2019accepte de m\u2019inscrire aux newsletters des Services de Consultation Namtek <abbr class=\"required\" title=\"requis(e)\">*<\/abbr><\/label><\/p><p class=\"hidden\"><input type=\"text\" name=\"avia_6_1\" class=\"hidden \" id=\"avia_6_1\" value=\"\" \/><\/p><p class=\"form_element \"><input type=\"hidden\" value=\"1\" name=\"avia_generated_form1\" \/><input type=\"submit\" value=\"T\u00e9l\u00e9charger le PDF\" class=\"button\"  data-sending-label=\"Envoi\"\/><\/p><\/fieldset><\/form><div id=\"ajaxresponse_1\" class=\"ajaxresponse ajaxresponse_1 hidden\"><\/div><\/div><\/div><\/div><\/div><!-- close content main div --><\/div><\/div><div id='av_section_2'  class='avia-section av-5g7prme-a35de5ec3eb4422aa8a748db4616f75f main_color avia-section-default avia-no-border-styling  avia-builder-el-9  el_after_av_section  el_before_av_promobox  avia-bg-style-scroll container_wrap sidebar_right'  ><div class='container av-section-cont-open' ><div class='template-page content  av-content-small alpha units'><div class='post-entry post-entry-type-page post-entry-30039'><div class='entry-content-wrapper clearfix'>\n<section  class='av_textblock_section av-4oo26fq-7f432820bc40ee956bedd4a09425189e '   itemscope=\"itemscope\" itemtype=\"https:\/\/schema.org\/CreativeWork\" ><div class='avia_textblock'  itemprop=\"text\" ><h2>CONTENU:<\/h2>\n<\/div><\/section>\n<div  class='flex_column av-48i78xi-de1e5ad6430482fbfa148e65dbcc41d9 av_one_half  avia-builder-el-11  el_after_av_textblock  el_before_av_one_half  first flex_column_div  column-top-margin'     ><style type=\"text\/css\" data-created_by=\"avia_inline_auto\" id=\"style-css-av-3tx0s7q-635ba20fe78f36b3ab42f9886f30cac7\">\n@keyframes av_sonarEffect_av-3tx0s7q-635ba20fe78f36b3ab42f9886f30cac7 {\n  0% {opacity: 0.3;}\n 50% {opacity: 0.5;}\n100% {opacity: 0.5; transform: scale(1.17);}\n}\n#top .avia-icon-list-container.av-3tx0s7q-635ba20fe78f36b3ab42f9886f30cac7 .iconlist_icon{\nbackground-color:#8999c7;\n}\n#top .avia-icon-list-container.av-3tx0s7q-635ba20fe78f36b3ab42f9886f30cac7 .iconlist_icon:hover{\nanimation:av_sonarEffect_av-3tx0s7q-635ba20fe78f36b3ab42f9886f30cac7 0.6s ease-in-out;\n}\n<\/style>\n<div  class='avia-icon-list-container av-3tx0s7q-635ba20fe78f36b3ab42f9886f30cac7  avia-builder-el-12  avia-builder-el-no-sibling '><ul class='avia-icon-list avia_animate_when_almost_visible avia-icon-list-left av-iconlist-big av-3tx0s7q-635ba20fe78f36b3ab42f9886f30cac7 avia-iconlist-animate avia-sonar-shadow'>\n<li><div class='iconlist_icon av-3dzwxau-5e203f760f0e64b84c077f31a03c0b3e avia-font-entypo-fontello avia-iconfont avia-font-entypo-fontello'><span class='av-icon-char' data-av_icon='\ue82b' data-av_iconfont='entypo-fontello' aria-hidden=\"true\"><\/span><\/div><article class=\"article-icon-entry av-iconlist-empty\"  itemscope=\"itemscope\" itemtype=\"https:\/\/schema.org\/CreativeWork\" ><div class=\"iconlist_content_wrap\"><header class=\"entry-content-header\" aria-label=\"Ic\u00f4ne : Introduction \u00e0 l\u2019EDI\"><h4 class='av_iconlist_title iconlist_title  '  itemprop=\"headline\" >Introduction \u00e0 l\u2019EDI<\/h4><\/header><div class='iconlist_content '  itemprop=\"text\" ><\/div><\/div><footer class=\"entry-footer\"><\/footer><\/article><div class=\"iconlist-timeline\"><\/div><\/li>\n<li><div class='iconlist_icon av-2t2gv92-2c8dca8ed94567db7e583799c7a0fd9a avia-font-entypo-fontello avia-iconfont avia-font-entypo-fontello'><span class='av-icon-char' data-av_icon='\ue812' data-av_iconfont='entypo-fontello' aria-hidden=\"true\"><\/span><\/div><article class=\"article-icon-entry av-iconlist-empty\"  itemscope=\"itemscope\" itemtype=\"https:\/\/schema.org\/CreativeWork\" ><div class=\"iconlist_content_wrap\"><header class=\"entry-content-header\" aria-label=\"Ic\u00f4ne : Standards et protocoles EDI\"><h4 class='av_iconlist_title iconlist_title  '  itemprop=\"headline\" >Standards et protocoles EDI<\/h4><\/header><div class='iconlist_content '  itemprop=\"text\" ><\/div><\/div><footer class=\"entry-footer\"><\/footer><\/article><div class=\"iconlist-timeline\"><\/div><\/li>\n<\/ul><\/div><\/div><div  class='flex_column av-2g6m1ue-d446364f10d4b688c0f2aabf50f62574 av_one_half  avia-builder-el-13  el_after_av_one_half  avia-builder-el-last  flex_column_div  column-top-margin'     ><style type=\"text\/css\" data-created_by=\"avia_inline_auto\" id=\"style-css-av-202wa46-3b6e035426f521b21af768484321ac93\">\n@keyframes av_sonarEffect_av-202wa46-3b6e035426f521b21af768484321ac93 {\n  0% {opacity: 0.3;}\n 50% {opacity: 0.5;}\n100% {opacity: 0.5; transform: scale(1.17);}\n}\n#top .avia-icon-list-container.av-202wa46-3b6e035426f521b21af768484321ac93 .iconlist_icon{\nbackground-color:#8999c7;\n}\n#top .avia-icon-list-container.av-202wa46-3b6e035426f521b21af768484321ac93 .iconlist_icon:hover{\nanimation:av_sonarEffect_av-202wa46-3b6e035426f521b21af768484321ac93 0.6s ease-in-out;\n}\n<\/style>\n<div  class='avia-icon-list-container av-202wa46-3b6e035426f521b21af768484321ac93  avia-builder-el-14  avia-builder-el-no-sibling '><ul class='avia-icon-list avia_animate_when_almost_visible avia-icon-list-left av-iconlist-big av-202wa46-3b6e035426f521b21af768484321ac93 avia-sonar-shadow'>\n<li><div class='iconlist_icon av-1l74aty-ba75906bd210ee64ad1260806803de18 avia-font-entypo-fontello avia-iconfont avia-font-entypo-fontello'><span class='av-icon-char' data-av_icon='\ue891' data-av_iconfont='entypo-fontello' aria-hidden=\"true\"><\/span><\/div><article class=\"article-icon-entry av-iconlist-empty\"  itemscope=\"itemscope\" itemtype=\"https:\/\/schema.org\/CreativeWork\" ><div class=\"iconlist_content_wrap\"><header class=\"entry-content-header\" aria-label=\"Ic\u00f4ne : Le processus EDI\"><h4 class='av_iconlist_title iconlist_title  '  itemprop=\"headline\" >Le processus EDI<\/h4><\/header><div class='iconlist_content '  itemprop=\"text\" ><\/div><\/div><footer class=\"entry-footer\"><\/footer><\/article><div class=\"iconlist-timeline\"><\/div><\/li>\n<li><div class='iconlist_icon av-12rozg6-e0e5bea88a682f65482de1fb23da3267 avia-font-entypo-fontello avia-iconfont avia-font-entypo-fontello'><span class='av-icon-char' data-av_icon='\ue864' data-av_iconfont='entypo-fontello' aria-hidden=\"true\"><\/span><\/div><article class=\"article-icon-entry av-iconlist-empty\"  itemscope=\"itemscope\" itemtype=\"https:\/\/schema.org\/CreativeWork\" ><div class=\"iconlist_content_wrap\"><header class=\"entry-content-header\" aria-label=\"Ic\u00f4ne : Astuces et conseils d\u2019experts\"><h4 class='av_iconlist_title iconlist_title  '  itemprop=\"headline\" >Astuces et conseils d\u2019experts<\/h4><\/header><div class='iconlist_content '  itemprop=\"text\" ><\/div><\/div><footer class=\"entry-footer\"><\/footer><\/article><div class=\"iconlist-timeline\"><\/div><\/li>\n<\/ul><\/div><\/div>\n<\/div><\/div><\/div><!-- close content main div --><\/div><\/div><div id='after_section_2'  class='main_color av_default_container_wrap container_wrap sidebar_right'  ><div class='container av-section-cont-open' ><div class='template-page content  av-content-small alpha units'><div class='post-entry post-entry-type-page post-entry-30039'><div class='entry-content-wrapper clearfix'><\/p>\n<div  class='av_promobox av-av_promobox-66099f9ef9ce7ca48361e6f344aabef3 avia-button-yes  avia-builder-el-15  el_after_av_section  avia-builder-el-no-sibling '><div class='avia-promocontent'><p>\nVous ne savez pas si votre entreprise fonctionne aussi efficacement que possible ? Demandez une s\u00e9ance de consultation individuelle <strong>GRATUITE<\/strong> avec nos experts internes.<\/p>\n<\/div><div  class='avia-button-wrap av-av_button-4512604f41b42ed8f771cd9117de4486-wrap avia-button-right '><a href='https:\/\/www.namtek.ca\/fr\/obtenez-une-consultation-gratuite-sur-linformatique\/'  class='avia-button av-av_button-4512604f41b42ed8f771cd9117de4486 av-link-btn avia-icon_select-no avia-size-large avia-position-right avia-color-theme-color'   aria-label=\"PLANIFIER UN APPEL\"><span class='avia_iconbox_title' >PLANIFIER UN APPEL<\/span><\/a><\/div><\/div>\n","protected":false},"excerpt":{"rendered":"","protected":false},"author":35,"featured_media":0,"parent":0,"menu_order":0,"comment_status":"closed","ping_status":"closed","template":"","meta":{"_lmt_disableupdate":"","_lmt_disable":"","_monsterinsights_skip_tracking":false,"_monsterinsights_sitenote_active":false,"_monsterinsights_sitenote_note":"","_monsterinsights_sitenote_category":0,"footnotes":"","_links_to":"","_links_to_target":""},"categories":[],"tags":[1560,3114,3111],"class_list":["post-30039","page","type-page","status-publish","hentry","tag-edi-fr","tag-guide-dintroduction-a-ledi","tag-guide-edi"],"aioseo_notices":[],"_links":{"self":[{"href":"https:\/\/www.namtek.ca\/fr\/wp-json\/wp\/v2\/pages\/30039","targetHints":{"allow":["GET"]}}],"collection":[{"href":"https:\/\/www.namtek.ca\/fr\/wp-json\/wp\/v2\/pages"}],"about":[{"href":"https:\/\/www.namtek.ca\/fr\/wp-json\/wp\/v2\/types\/page"}],"author":[{"embeddable":true,"href":"https:\/\/www.namtek.ca\/fr\/wp-json\/wp\/v2\/users\/35"}],"replies":[{"embeddable":true,"href":"https:\/\/www.namtek.ca\/fr\/wp-json\/wp\/v2\/comments?post=30039"}],"version-history":[{"count":6,"href":"https:\/\/www.namtek.ca\/fr\/wp-json\/wp\/v2\/pages\/30039\/revisions"}],"predecessor-version":[{"id":30050,"href":"https:\/\/www.namtek.ca\/fr\/wp-json\/wp\/v2\/pages\/30039\/revisions\/30050"}],"wp:attachment":[{"href":"https:\/\/www.namtek.ca\/fr\/wp-json\/wp\/v2\/media?parent=30039"}],"wp:term":[{"taxonomy":"category","embeddable":true,"href":"https:\/\/www.namtek.ca\/fr\/wp-json\/wp\/v2\/categories?post=30039"},{"taxonomy":"post_tag","embeddable":true,"href":"https:\/\/www.namtek.ca\/fr\/wp-json\/wp\/v2\/tags?post=30039"}],"curies":[{"name":"wp","href":"https:\/\/api.w.org\/{rel}","templated":true}]}}