{"id":29968,"date":"2023-11-29T18:24:18","date_gmt":"2023-11-29T18:24:18","guid":{"rendered":"https:\/\/www.namtek.ca\/ressources\/"},"modified":"2023-12-08T16:12:45","modified_gmt":"2023-12-08T16:12:45","slug":"ressources","status":"publish","type":"page","link":"https:\/\/www.namtek.ca\/fr\/ressources\/","title":{"rendered":"Ressources"},"content":{"rendered":"<div  class='flex_column av-2ixdtrl-f2eaca651265dc62b7c4d59f88a2697e av_one_full  avia-builder-el-0  el_before_av_section  avia-builder-el-no-sibling  first flex_column_div  '     ><section  class='av_textblock_section av-leiyuaj9-d4e36831b7d5773d6759d6fd240aa8f5 '   itemscope=\"itemscope\" itemtype=\"https:\/\/schema.org\/CreativeWork\" ><div class='avia_textblock'  itemprop=\"text\" ><h1 style=\"text-align: center;\">Centre de ressources<\/h1>\n<\/div><\/section><br \/>\n<div  class='hr av-224s4y9-0cdf0ae8f71530f912952e231a4e262d hr-short  avia-builder-el-2  el_after_av_textblock  el_before_av_textblock  hr-center'><span class='hr-inner '><span class=\"hr-inner-style\"><\/span><\/span><\/div><br \/>\n<section  class='av_textblock_section av-lej0bkp2-82a6c01d592b0ad5a43891bd3e448979 '   itemscope=\"itemscope\" itemtype=\"https:\/\/schema.org\/CreativeWork\" ><div class='avia_textblock'  itemprop=\"text\" ><p style=\"text-align: center;\">Explorez notre centre de ressources complet, votre passerelle vers une multitude de <strong>documents informatifs disponibles en t\u00e9l\u00e9chargement<\/strong>. Notre collection comprend des brochures, des livres blancs et des guides couvrant de sujets divers tels que <strong>l&rsquo;EDI, l&rsquo;int\u00e9gration des syst\u00e8mes commerciaux, l&rsquo;int\u00e9gration du commerce \u00e9lectronique, et bien plus encore.<\/strong><\/p>\n<p style=\"text-align: center;\">\u00c9labor\u00e9s par notre \u00e9quipe d&rsquo;experts, ces documents offrent des perspectives approfondies pour autonomiser les chefs d&rsquo;entreprise, les professionnels de l&rsquo;informatique et les chercheurs de connaissances.<\/p>\n<p style=\"text-align: center;\">Prenez un moment pour explorer notre collection et t\u00e9l\u00e9chargez les ressources qui suscitent votre int\u00e9r\u00eat. D\u00e9couvrez les concepts cl\u00e9s qui vous importent le plus et restez en avance dans votre secteur d&rsquo;activit\u00e9.<\/p>\n<\/div><\/section><\/p><\/div>\n<\/div><\/div><\/div><!-- close content main div --><\/div><\/div><div id='av_section_1'  class='avia-section av-lpa2p7ur-57858b4aa9493ffbb781b1e42f0c03f1 alternate_color avia-section-default avia-shadow  avia-builder-el-4  el_after_av_one_full  el_before_av_section  avia-bg-style-scroll container_wrap sidebar_right'  ><div class='container av-section-cont-open' ><div class='template-page content  av-content-small alpha units'><div class='post-entry post-entry-type-page post-entry-29968'><div class='entry-content-wrapper clearfix'>\n<div  class='flex_column av-1orf6cx-4a176a31bbc56e7150964e2b2975f858 av_one_third  avia-builder-el-5  el_before_av_two_third  avia-builder-el-first  first flex_column_div  '     ><style type=\"text\/css\" data-created_by=\"avia_inline_auto\" id=\"style-css-av-lpa2bmfa-e0251e7e3ac2d8a810d6ffe0fcae1f0a\">\n@keyframes av_boxShadowEffect_av-lpa2bmfa-e0251e7e3ac2d8a810d6ffe0fcae1f0a {\n0%   { box-shadow:  0 0 0 0 ; opacity: 1; }\n100% { box-shadow:  0 0 10px 0 ; opacity: 1; }\n}\n.avia-image-container.av-lpa2bmfa-e0251e7e3ac2d8a810d6ffe0fcae1f0a img.avia_image{\nbox-shadow: 0 0 10px 0 ;\n}\n.avia-image-container.av-lpa2bmfa-e0251e7e3ac2d8a810d6ffe0fcae1f0a .av-image-caption-overlay-center{\ncolor:#ffffff;\n}\n<\/style>\n<div  class='avia-image-container av-lpa2bmfa-e0251e7e3ac2d8a810d6ffe0fcae1f0a av-styling- avia-align-center  avia-builder-el-6  avia-builder-el-no-sibling  av-img-box-shadow av-box-shadow-not-animated'   itemprop=\"image\" itemscope=\"itemscope\" itemtype=\"https:\/\/schema.org\/ImageObject\" ><div class=\"avia-image-container-inner\"><div class=\"avia-image-overlay-wrap\"><img decoding=\"async\" fetchpriority=\"high\" class='wp-image-29870 avia-img-lazy-loading-not-29870 avia_image shadow-not-animated' src=\"https:\/\/www.namtek.ca\/wp-content\/uploads\/2023\/11\/Namtek-Resource-Company-Profile-495x400.jpg\" alt='Namtek-about-us' title='Namtek-Resource-Company-Profile'  height=\"400\" width=\"495\"  itemprop=\"thumbnailUrl\" srcset=\"https:\/\/www.namtek.ca\/wp-content\/uploads\/2023\/11\/Namtek-Resource-Company-Profile-495x400.jpg 495w, https:\/\/www.namtek.ca\/wp-content\/uploads\/2023\/11\/Namtek-Resource-Company-Profile-845x684.jpg 845w\" sizes=\"(max-width: 495px) 100vw, 495px\" \/><\/div><\/div><\/div><\/div><div  class='flex_column av-16f9qsx-a0a013feae674ec7d34316bed9f0a19f av_two_third  avia-builder-el-7  el_after_av_one_third  avia-builder-el-last  flex_column_div  '     ><p><article  class='iconbox iconbox_left av-lpcrl9kw-617e9ea6e9a3438c40482ccd0621b713  avia-builder-el-8  el_before_av_textblock  avia-builder-el-first '  itemscope=\"itemscope\" itemtype=\"https:\/\/schema.org\/CreativeWork\" ><div class=\"iconbox_content\"><header class=\"entry-content-header\" aria-label=\"Ic\u00f4ne : Brochure\"><div class='iconbox_icon heading-color avia-iconfont avia-font-entypo-fontello' data-av_icon='\ue84b' data-av_iconfont='entypo-fontello'  ><\/div><h3 class='iconbox_content_title '  itemprop=\"headline\" >Brochure<\/h3><\/header><div class='iconbox_content_container '  itemprop=\"text\" ><\/div><\/div><footer class=\"entry-footer\"><\/footer><\/article><br \/>\n<section  class='av_textblock_section av-lpa2cpl0-53a52d2c0b23d1142ec23bc9f4f95813 '   itemscope=\"itemscope\" itemtype=\"https:\/\/schema.org\/CreativeWork\" ><div class='avia_textblock'  itemprop=\"text\" ><h2><strong>Profil de l&rsquo;entreprise<\/strong><\/h2>\n<p>Explorez <a href=\"https:\/\/www.namtek.ca\/fr\/a-propos-de-nous\/\" target=\"_blank\" rel=\"noopener\">Les Services de Consultation Namtek<\/a> \u00e0 travers notre brochure d\u00e9taill\u00e9e sur le Profil de l&rsquo;Entreprise. D\u00e9couvrez notre histoire, comprenez notre vision et mission, et apprenez-en davantage sur l&rsquo;\u00e9tendue des <strong>services et solutions que nous offrons<\/strong>. Que vous soyez un client potentiel, un partenaire, ou simplement int\u00e9ress\u00e9 par notre parcours, cette brochure offre des perspectives pr\u00e9cieuses sur nos valeurs fondamentales et nos offres.<\/p>\n<\/div><\/section><br \/>\n<div  class='avia-button-wrap av-ond1td-652e0798ff229d06d197d857c691e2d1-wrap avia-button-left  avia-builder-el-10  el_after_av_textblock  avia-builder-el-last '>\n<style type=\"text\/css\" data-created_by=\"avia_inline_auto\" id=\"style-css-av-ond1td-652e0798ff229d06d197d857c691e2d1\">\n#top #wrap_all .avia-button.av-ond1td-652e0798ff229d06d197d857c691e2d1{\nbox-shadow: 0px 0px 0px 0px ;\ntransition:all 0.4s ease-in-out;\n}\n<\/style>\n<a href='https:\/\/www.namtek.ca\/fr\/telecharger-la-brochure-du-profil-de-lentreprise\/'  class='avia-button av-ond1td-652e0798ff229d06d197d857c691e2d1 av-link-btn avia-icon_select-yes-right-icon avia-size-small avia-position-left avia-color-theme-color'  target=\"_blank\"  rel=\"noopener noreferrer\"  aria-label=\"Obtenez la brochure\"><span class='avia_iconbox_title' >Obtenez la brochure<\/span><span class='avia_button_icon avia_button_icon_right avia-iconfont avia-font-entypo-fontello' data-av_icon='\ue881' data-av_iconfont='entypo-fontello' ><\/span><\/a><\/div><\/p><\/div><\/div><\/div><\/div><!-- close content main div --><\/div><\/div><div id='av_section_2'  class='avia-section av-av_section-fc5ca36ad618281f203b7345745c589b main_color avia-section-default avia-shadow  avia-builder-el-11  el_after_av_section  el_before_av_section  avia-bg-style-scroll container_wrap sidebar_right'  ><div class='container av-section-cont-open' ><div class='template-page content  av-content-small alpha units'><div class='post-entry post-entry-type-page post-entry-29968'><div class='entry-content-wrapper clearfix'>\n<div  class='flex_column av-av_one_third-a961ec8c42a44a397321d1a2224da3ca av_one_third  avia-builder-el-12  el_before_av_two_third  avia-builder-el-first  first flex_column_div  '     ><style type=\"text\/css\" data-created_by=\"avia_inline_auto\" id=\"style-css-av-av_image-e946c80b0ae38af47f8cfe5084157d87\">\n@keyframes av_boxShadowEffect_av-av_image-e946c80b0ae38af47f8cfe5084157d87 {\n0%   { box-shadow:  0 0 0 0 ; opacity: 1; }\n100% { box-shadow:  0 0 10px 0 ; opacity: 1; }\n}\n.avia-image-container.av-av_image-e946c80b0ae38af47f8cfe5084157d87 img.avia_image{\nbox-shadow: 0 0 10px 0 ;\n}\n.avia-image-container.av-av_image-e946c80b0ae38af47f8cfe5084157d87 .av-image-caption-overlay-center{\ncolor:#ffffff;\n}\n<\/style>\n<div  class='avia-image-container av-av_image-e946c80b0ae38af47f8cfe5084157d87 av-styling- avia-align-center  avia-builder-el-13  avia-builder-el-no-sibling  av-img-box-shadow av-box-shadow-not-animated'   itemprop=\"image\" itemscope=\"itemscope\" itemtype=\"https:\/\/schema.org\/ImageObject\" ><div class=\"avia-image-container-inner\"><div class=\"avia-image-overlay-wrap\"><img decoding=\"async\" fetchpriority=\"high\" class='wp-image-30001 avia-img-lazy-loading-not-30001 avia_image shadow-not-animated' src=\"https:\/\/www.namtek.ca\/wp-content\/uploads\/2023\/12\/Namtek-EDI-Guide-495x400.jpg\" alt='Intro to EDI' title='Namtek-EDI-Guide'  height=\"400\" width=\"495\"  itemprop=\"thumbnailUrl\" srcset=\"https:\/\/www.namtek.ca\/wp-content\/uploads\/2023\/12\/Namtek-EDI-Guide-495x400.jpg 495w, https:\/\/www.namtek.ca\/wp-content\/uploads\/2023\/12\/Namtek-EDI-Guide-845x684.jpg 845w\" sizes=\"(max-width: 495px) 100vw, 495px\" \/><\/div><\/div><\/div><\/div><div  class='flex_column av-av_two_third-e38f08a368d22f46ed35f78008f927bf av_two_third  avia-builder-el-14  el_after_av_one_third  avia-builder-el-last  flex_column_div  '     ><p><article  class='iconbox iconbox_left av-lpsix9zx-ad4289998bda04e510bd0f2c8c4cc156  avia-builder-el-15  el_before_av_textblock  avia-builder-el-first '  itemscope=\"itemscope\" itemtype=\"https:\/\/schema.org\/CreativeWork\" ><div class=\"iconbox_content\"><header class=\"entry-content-header\" aria-label=\"Ic\u00f4ne : Guide\"><div class='iconbox_icon heading-color avia-iconfont avia-font-entypo-fontello' data-av_icon='\ue84f' data-av_iconfont='entypo-fontello'  ><\/div><h3 class='iconbox_content_title '  itemprop=\"headline\" >Guide<\/h3><\/header><div class='iconbox_content_container '  itemprop=\"text\" ><\/div><\/div><footer class=\"entry-footer\"><\/footer><\/article><br \/>\n<section  class='av_textblock_section av-lpsj13t6-2b56b9719270a2007761b055e9d26da6 '   itemscope=\"itemscope\" itemtype=\"https:\/\/schema.org\/CreativeWork\" ><div class='avia_textblock'  itemprop=\"text\" ><h2 class=\"has-text-color\"><strong>Introduction \u00e0 l&rsquo;EDI<\/strong><\/h2>\n<p style=\"text-align: left;\">Plongez dans le monde de l&rsquo;\u00c9change de Donn\u00e9es Informatis\u00e9 (EDI) avec notre guide complet. De la compr\u00e9hension des bases \u00e0 la mise en \u0153uvre de strat\u00e9gies avanc\u00e9es, ce guide est votre cl\u00e9 pour d\u00e9bloquer un \u00e9change de donn\u00e9es efficace et rationalis\u00e9.<\/p>\n<\/div><\/section><br \/>\n<div  class='avia-button-wrap av-lpsj1m30-88758e343722c2371ec7f27ebb448a00-wrap avia-button-left  avia-builder-el-17  el_after_av_textblock  avia-builder-el-last '>\n<style type=\"text\/css\" data-created_by=\"avia_inline_auto\" id=\"style-css-av-lpsj1m30-88758e343722c2371ec7f27ebb448a00\">\n#top #wrap_all .avia-button.av-lpsj1m30-88758e343722c2371ec7f27ebb448a00{\nbox-shadow: 0px 0px 0px 0px ;\ntransition:all 0.4s ease-in-out;\n}\n<\/style>\n<a href='https:\/\/www.namtek.ca\/fr\/telecharger-le-guide-dintroduction-a-ledi\/'  class='avia-button av-lpsj1m30-88758e343722c2371ec7f27ebb448a00 av-link-btn avia-icon_select-yes-right-icon avia-size-small avia-position-left avia-color-theme-color'  target=\"_blank\"  rel=\"noopener noreferrer\"  aria-label=\"Obtenez le guide\"><span class='avia_iconbox_title' >Obtenez le guide<\/span><span class='avia_button_icon avia_button_icon_right avia-iconfont avia-font-entypo-fontello' data-av_icon='\ue881' data-av_iconfont='entypo-fontello' ><\/span><\/a><\/div><\/p><\/div><\/div><\/div><\/div><!-- close content main div --><\/div><\/div><div id='av_section_3'  class='avia-section av-av_section-fc5ca36ad618281f203b7345745c589b main_color avia-section-default avia-shadow  avia-builder-el-18  el_after_av_section  avia-builder-el-last  avia-bg-style-scroll container_wrap sidebar_right'  ><div class='container av-section-cont-open' ><div class='template-page content  av-content-small alpha units'><div class='post-entry post-entry-type-page post-entry-29968'><div class='entry-content-wrapper clearfix'>\n<div  class='flex_column av-av_one_third-a961ec8c42a44a397321d1a2224da3ca av_one_third  avia-builder-el-19  el_before_av_two_third  avia-builder-el-first  first flex_column_div  '     ><style type=\"text\/css\" data-created_by=\"avia_inline_auto\" id=\"style-css-av-av_image-4891932f8a694e202fff05e75cc6b3c7\">\n@keyframes av_boxShadowEffect_av-av_image-4891932f8a694e202fff05e75cc6b3c7 {\n0%   { box-shadow:  0 0 0 0 ; opacity: 1; }\n100% { box-shadow:  0 0 10px 0 ; opacity: 1; }\n}\n.avia-image-container.av-av_image-4891932f8a694e202fff05e75cc6b3c7 img.avia_image{\nbox-shadow: 0 0 10px 0 ;\n}\n.avia-image-container.av-av_image-4891932f8a694e202fff05e75cc6b3c7 .av-image-caption-overlay-center{\ncolor:#ffffff;\n}\n<\/style>\n<div  class='avia-image-container av-av_image-4891932f8a694e202fff05e75cc6b3c7 av-styling- avia-align-center  avia-builder-el-20  avia-builder-el-no-sibling  av-img-box-shadow av-box-shadow-not-animated'   itemprop=\"image\" itemscope=\"itemscope\" itemtype=\"https:\/\/schema.org\/ImageObject\" ><div class=\"avia-image-container-inner\"><div class=\"avia-image-overlay-wrap\"><img decoding=\"async\" fetchpriority=\"high\" class='wp-image-30073 avia-img-lazy-loading-not-30073 avia_image shadow-not-animated' src=\"https:\/\/www.namtek.ca\/wp-content\/uploads\/2023\/12\/Namtek-Shopify-Integration-495x400.jpg\" alt='Shopify integration' title='Namtek-Shopify-Integration'  height=\"400\" width=\"495\"  itemprop=\"thumbnailUrl\" srcset=\"https:\/\/www.namtek.ca\/wp-content\/uploads\/2023\/12\/Namtek-Shopify-Integration-495x400.jpg 495w, https:\/\/www.namtek.ca\/wp-content\/uploads\/2023\/12\/Namtek-Shopify-Integration-845x684.jpg 845w\" sizes=\"(max-width: 495px) 100vw, 495px\" \/><\/div><\/div><\/div><\/div><div  class='flex_column av-av_two_third-e38f08a368d22f46ed35f78008f927bf av_two_third  avia-builder-el-21  el_after_av_one_third  avia-builder-el-last  flex_column_div  '     ><p><article  class='iconbox iconbox_left av-lpvcd6cj-5132a0ad53e4c3c2f6f48bec0ef04a4e  avia-builder-el-22  el_before_av_textblock  avia-builder-el-first '  itemscope=\"itemscope\" itemtype=\"https:\/\/schema.org\/CreativeWork\" ><div class=\"iconbox_content\"><header class=\"entry-content-header\" aria-label=\"Ic\u00f4ne : Livre blanc\"><div class='iconbox_icon heading-color avia-iconfont avia-font-entypo-fontello' data-av_icon='\ue84e' data-av_iconfont='entypo-fontello'  ><\/div><h3 class='iconbox_content_title '  itemprop=\"headline\" >Livre blanc<\/h3><\/header><div class='iconbox_content_container '  itemprop=\"text\" ><\/div><\/div><footer class=\"entry-footer\"><\/footer><\/article><br \/>\n<section  class='av_textblock_section av-lpvcmjc1-4ae483a6627903fcbb542225c5b03d08 '   itemscope=\"itemscope\" itemtype=\"https:\/\/schema.org\/CreativeWork\" ><div class='avia_textblock'  itemprop=\"text\" ><h2><strong>Int\u00e9gration Shopify<\/strong><\/h2>\n<p>Dans notre livre blanc, explorez les capacit\u00e9s d\u2019une int\u00e9gration Shopify enti\u00e8rement g\u00e9r\u00e9e. D\u00e9couvrez des strat\u00e9gies innovantes pour am\u00e9liorer votre flux de travail de votre commerce \u00e9lectronique, rationaliser les processus et am\u00e9liorer les performances de votre boutique en ligne.<\/p>\n<\/div><\/section><br \/>\n<div  class='avia-button-wrap av-lpvcn0e2-1cd049947da3d9afcc239a441a90db0c-wrap avia-button-left  avia-builder-el-24  el_after_av_textblock  avia-builder-el-last '>\n<style type=\"text\/css\" data-created_by=\"avia_inline_auto\" id=\"style-css-av-lpvcn0e2-1cd049947da3d9afcc239a441a90db0c\">\n#top #wrap_all .avia-button.av-lpvcn0e2-1cd049947da3d9afcc239a441a90db0c{\nbox-shadow: 0px 0px 0px 0px ;\ntransition:all 0.4s ease-in-out;\n}\n<\/style>\n<a href='https:\/\/www.namtek.ca\/fr\/telecharger-le-livre-blanc-sur-lintegration-de-shopify\/'  class='avia-button av-lpvcn0e2-1cd049947da3d9afcc239a441a90db0c av-link-btn avia-icon_select-yes-right-icon avia-size-small avia-position-left avia-color-theme-color'  target=\"_blank\"  rel=\"noopener noreferrer\"  aria-label=\"Obtenez le livre blanc\"><span class='avia_iconbox_title' >Obtenez le livre blanc<\/span><span class='avia_button_icon avia_button_icon_right avia-iconfont avia-font-entypo-fontello' data-av_icon='\ue881' data-av_iconfont='entypo-fontello' ><\/span><\/a><\/div><\/p><\/div>\n<\/div><\/div><\/div><!-- close content main div --><\/div><\/div><div id='after_section_3'  class='main_color av_default_container_wrap container_wrap sidebar_right'  ><div class='container av-section-cont-open' ><div class='template-page content  av-content-small alpha units'><div class='post-entry post-entry-type-page post-entry-29968'><div class='entry-content-wrapper clearfix'><\/p>\n","protected":false},"excerpt":{"rendered":"","protected":false},"author":35,"featured_media":0,"parent":0,"menu_order":0,"comment_status":"closed","ping_status":"closed","template":"","meta":{"_lmt_disableupdate":"","_lmt_disable":"","_monsterinsights_skip_tracking":false,"_monsterinsights_sitenote_active":false,"_monsterinsights_sitenote_note":"","_monsterinsights_sitenote_category":0,"footnotes":"","_links_to":"","_links_to_target":""},"categories":[],"tags":[3112,3111,3113],"class_list":["post-29968","page","type-page","status-publish","hentry","tag-guide-dintegration","tag-guide-edi","tag-livre-blanc-sur-lintegration"],"aioseo_notices":[],"_links":{"self":[{"href":"https:\/\/www.namtek.ca\/fr\/wp-json\/wp\/v2\/pages\/29968","targetHints":{"allow":["GET"]}}],"collection":[{"href":"https:\/\/www.namtek.ca\/fr\/wp-json\/wp\/v2\/pages"}],"about":[{"href":"https:\/\/www.namtek.ca\/fr\/wp-json\/wp\/v2\/types\/page"}],"author":[{"embeddable":true,"href":"https:\/\/www.namtek.ca\/fr\/wp-json\/wp\/v2\/users\/35"}],"replies":[{"embeddable":true,"href":"https:\/\/www.namtek.ca\/fr\/wp-json\/wp\/v2\/comments?post=29968"}],"version-history":[{"count":20,"href":"https:\/\/www.namtek.ca\/fr\/wp-json\/wp\/v2\/pages\/29968\/revisions"}],"predecessor-version":[{"id":30120,"href":"https:\/\/www.namtek.ca\/fr\/wp-json\/wp\/v2\/pages\/29968\/revisions\/30120"}],"wp:attachment":[{"href":"https:\/\/www.namtek.ca\/fr\/wp-json\/wp\/v2\/media?parent=29968"}],"wp:term":[{"taxonomy":"category","embeddable":true,"href":"https:\/\/www.namtek.ca\/fr\/wp-json\/wp\/v2\/categories?post=29968"},{"taxonomy":"post_tag","embeddable":true,"href":"https:\/\/www.namtek.ca\/fr\/wp-json\/wp\/v2\/tags?post=29968"}],"curies":[{"name":"wp","href":"https:\/\/api.w.org\/{rel}","templated":true}]}}