{"id":26796,"date":"2022-09-01T14:55:16","date_gmt":"2022-09-01T14:55:16","guid":{"rendered":"https:\/\/www.namtek.ca\/solution-erp\/"},"modified":"2022-11-30T19:07:31","modified_gmt":"2022-11-30T19:07:31","slug":"solution-erp","status":"publish","type":"page","link":"https:\/\/www.namtek.ca\/fr\/solution-erp\/","title":{"rendered":"Solution ERP"},"content":{"rendered":"<div  class='flex_column av-3kfq4s-c647b023bf9ae2401add78b5c3c8017b av_one_full  avia-builder-el-0  el_before_av_section  avia-builder-el-no-sibling  first flex_column_div  '     ><section  class='av_textblock_section av-l7j5g8y1-71508b971af8e1db3ebb1a721cd41615 '   itemscope=\"itemscope\" itemtype=\"https:\/\/schema.org\/CreativeWork\" ><div class='avia_textblock'  itemprop=\"text\" ><h1 style=\"text-align: center;\">ErpWizard<\/h1>\n<\/div><\/section><br \/>\n<div  class='hr av-pbrqr0-80f61a48ec8b62128dc0c81eb7e7f721 hr-short  avia-builder-el-2  el_after_av_textblock  el_before_av_textblock  hr-center'><span class='hr-inner '><span class=\"hr-inner-style\"><\/span><\/span><\/div><br \/>\n<section  class='av_textblock_section av-l7j5p06x-e12e6650b243ed2138f4b82d4c03778f '   itemscope=\"itemscope\" itemtype=\"https:\/\/schema.org\/CreativeWork\" ><div class='avia_textblock'  itemprop=\"text\" ><p style=\"text-align: center;\"><strong>erpWizard<\/strong> est un logiciel <strong>ERP<\/strong> complet \u00a0con\u00e7u pour r\u00e9pondre aux besoins des petites et moyennes entreprises.<\/p>\n<\/div><\/section><\/p><\/div><\/div><\/div><\/div><!-- close content main div --><\/div><\/div><div id='av_section_1'  class='avia-section av-3fea2vg-f2389b5625c01cfb3741353884285605 alternate_color avia-section-default avia-shadow  avia-builder-el-4  el_after_av_one_full  el_before_av_section  avia-bg-style-scroll container_wrap sidebar_right'  ><div class='container av-section-cont-open' ><div class='template-page content  av-content-small alpha units'><div class='post-entry post-entry-type-page post-entry-26796'><div class='entry-content-wrapper clearfix'>\n<div  class='flex_column av-343vlcc-102a7cdfcd96607f9a36c762dd8c266d av_one_half  avia-builder-el-5  el_before_av_one_half  avia-builder-el-first  first flex_column_div  '     ><p><div  class='hr av-n4iy4s-f7e30160828cf12270abd089cc205bc0 hr-short  avia-builder-el-6  el_before_av_textblock  avia-builder-el-first  hr-left'><span class='hr-inner '><span class=\"hr-inner-style\"><\/span><\/span><\/div><br \/>\n<section  class='av_textblock_section av-l7j69fqe-da06269920cedaaf6492ae22dd01508e '   itemscope=\"itemscope\" itemtype=\"https:\/\/schema.org\/CreativeWork\" ><div class='avia_textblock'  itemprop=\"text\" ><p>La suite <strong>ErpWizard<\/strong> est une solution logicielle de <strong>planification des ressources d\u2019entreprise<\/strong> (ERP) interne de haute qualit\u00e9.<\/p>\n<p>Ce syst\u00e8me de gestion d\u2019entreprise, propos\u00e9 en tant que service (<strong>SaaS<\/strong>), que ce soit dans le <strong>Cloud\/Nuage<\/strong> ou <strong>dans les locaux d\u2019un client<\/strong>, est utilis\u00e9 pour responsabiliser et \u00e9quiper les entreprises d\u2019un syst\u00e8me de haute technologie abordable, con\u00e7u sur mesure pour r\u00e9pondre aux besoins de chaque entreprise. Avec des modules flexibles, ce syst\u00e8me rationalisera les processus d\u2019une entreprise, am\u00e9liorera l\u2019efficacit\u00e9, augmentera la rentabilit\u00e9 et s\u2019adaptera facilement aux nouveaux d\u00e9fis et demandes de l\u2019entreprise.<\/p>\n<h3>Modules de base\u00a0:<\/h3>\n<ul>\n<li>Comptabilit\u00e9<\/li>\n<li>Inventaire<\/li>\n<li>Ventes<\/li>\n<li>Achats<\/li>\n<\/ul>\n<\/div><\/section><br \/>\n<div  class='hr av-25jd7jg-9256107ef78ac82b4b79ce38831e61b2 hr-short  avia-builder-el-8  el_after_av_textblock  avia-builder-el-last  hr-left'><span class='hr-inner '><span class=\"hr-inner-style\"><\/span><\/span><\/div><\/p><\/div><div  class='flex_column av-1rf7qq4-6eb2c240300a7df4155928f0802a2334 av_one_half  avia-builder-el-9  el_after_av_one_half  avia-builder-el-last  flex_column_div  '     ><p>\n<style type=\"text\/css\" data-created_by=\"avia_inline_auto\" id=\"style-css-av-l7j72uai-d4911a70c1fe9e3caddcaf6e384de2b3\">\n#top .hr.hr-invisible.av-l7j72uai-d4911a70c1fe9e3caddcaf6e384de2b3{\nheight:50px;\n}\n<\/style>\n<div  class='hr av-l7j72uai-d4911a70c1fe9e3caddcaf6e384de2b3 hr-invisible  avia-builder-el-10  el_before_av_image  avia-builder-el-first '><span class='hr-inner '><span class=\"hr-inner-style\"><\/span><\/span><\/div><br \/>\n\n<style type=\"text\/css\" data-created_by=\"avia_inline_auto\" id=\"style-css-av-2dg898-092cf232d2c99c16f4111b894f458426\">\n.avia_transform .avia-image-container.av-2dg898-092cf232d2c99c16f4111b894f458426{\nanimation-duration:4s;\n}\n.avia-image-container.av-2dg898-092cf232d2c99c16f4111b894f458426 img.avia_image{\nbox-shadow:none;\n}\n.avia-image-container.av-2dg898-092cf232d2c99c16f4111b894f458426 .av-image-caption-overlay-center{\ncolor:#ffffff;\n}\n<\/style>\n<div  class='avia-image-container av-2dg898-092cf232d2c99c16f4111b894f458426 av-styling- av-hover-grow avia_animated_image av-animated-when-visible-95 right-to-left avia-align-center  avia-builder-el-11  el_after_av_hr  avia-builder-el-last '   itemprop=\"image\" itemscope=\"itemscope\" itemtype=\"https:\/\/schema.org\/ImageObject\" ><div class=\"avia-image-container-inner\"><div class=\"avia-image-overlay-wrap\"><img decoding=\"async\" fetchpriority=\"high\" class='wp-image-24565 avia-img-lazy-loading-not-24565 avia_image ' src=\"https:\/\/www.namtek.ca\/wp-content\/uploads\/2022\/11\/Namtek-erp-solution-495x400.png\" alt='ERP software' title='Solutions-erpWizard'  height=\"400\" width=\"495\"  itemprop=\"thumbnailUrl\" srcset=\"https:\/\/www.namtek.ca\/wp-content\/uploads\/2022\/11\/Namtek-erp-solution-495x400.png 495w, https:\/\/www.namtek.ca\/wp-content\/uploads\/2022\/11\/Namtek-erp-solution-300x242.png 300w, https:\/\/www.namtek.ca\/wp-content\/uploads\/2022\/11\/Namtek-erp-solution-1030x832.png 1030w, https:\/\/www.namtek.ca\/wp-content\/uploads\/2022\/11\/Namtek-erp-solution-768x621.png 768w, https:\/\/www.namtek.ca\/wp-content\/uploads\/2022\/11\/Namtek-erp-solution-845x684.png 845w, https:\/\/www.namtek.ca\/wp-content\/uploads\/2022\/11\/Namtek-erp-solution-705x570.png 705w, https:\/\/www.namtek.ca\/wp-content\/uploads\/2022\/11\/Namtek-erp-solution.png 1485w\" sizes=\"(max-width: 495px) 100vw, 495px\" \/><\/div><\/div><\/div><\/p><\/div><\/div><\/div><\/div><!-- close content main div --><\/div><\/div><div id='av_section_2'  class='avia-section av-4ymh0ek-5f117bc2ae366b56b7228db50b814e6b main_color avia-section-default avia-shadow  avia-builder-el-12  el_after_av_section  el_before_av_section  avia-bg-style-scroll container_wrap sidebar_right'  ><div class='container av-section-cont-open' ><div class='template-page content  av-content-small alpha units'><div class='post-entry post-entry-type-page post-entry-26796'><div class='entry-content-wrapper clearfix'>\n\n<style type=\"text\/css\" data-created_by=\"avia_inline_auto\" id=\"style-css-av-l7j8iggs-b4b744ffdc669d03dda3bf518f79ef46\">\n#top .av-special-heading.av-l7j8iggs-b4b744ffdc669d03dda3bf518f79ef46{\npadding-bottom:15px;\n}\nbody .av-special-heading.av-l7j8iggs-b4b744ffdc669d03dda3bf518f79ef46 .av-special-heading-tag .heading-char{\nfont-size:25px;\n}\n.av-special-heading.av-l7j8iggs-b4b744ffdc669d03dda3bf518f79ef46 .av-subheading{\nfont-size:15px;\n}\n<\/style>\n<div  class='av-special-heading av-l7j8iggs-b4b744ffdc669d03dda3bf518f79ef46 av-special-heading-h3 meta-heading  avia-builder-el-13  el_before_av_one_half  avia-builder-el-first '><h3 class='av-special-heading-tag '  itemprop=\"headline\"  >erpWizard modules additionnels<\/h3><div class=\"special-heading-border\"><div class=\"special-heading-inner-border\"><\/div><\/div><\/div>\n<div  class='flex_column av-4de90b0-4e3e3bfe1b12adc7af3b85e47ba72532 av_one_half  avia-builder-el-14  el_after_av_heading  el_before_av_one_half  first flex_column_div  '     ><p>\n<style type=\"text\/css\" data-created_by=\"avia_inline_auto\" id=\"style-css-av-3z40x4c-1c0d1ea4c37e3cddf9d403f0fff4a8ad\">\n#top .hr.hr-invisible.av-3z40x4c-1c0d1ea4c37e3cddf9d403f0fff4a8ad{\nheight:50px;\n}\n<\/style>\n<div  class='hr av-3z40x4c-1c0d1ea4c37e3cddf9d403f0fff4a8ad hr-invisible  avia-builder-el-15  el_before_av_image  avia-builder-el-first '><span class='hr-inner '><span class=\"hr-inner-style\"><\/span><\/span><\/div><br \/>\n\n<style type=\"text\/css\" data-created_by=\"avia_inline_auto\" id=\"style-css-av-3jrgiks-0a0c49b033b3ebbb03a73f46fb6dee41\">\n.avia_transform .avia-image-container.av-3jrgiks-0a0c49b033b3ebbb03a73f46fb6dee41{\nanimation-duration:4s;\n}\n.avia-image-container.av-3jrgiks-0a0c49b033b3ebbb03a73f46fb6dee41 img.avia_image{\nbox-shadow:none;\n}\n.avia-image-container.av-3jrgiks-0a0c49b033b3ebbb03a73f46fb6dee41 .av-image-caption-overlay-center{\ncolor:#ffffff;\n}\n<\/style>\n<div  class='avia-image-container av-3jrgiks-0a0c49b033b3ebbb03a73f46fb6dee41 av-styling- av-hover-grow avia_animated_image av-animated-when-visible-95 right-to-left avia-align-center  avia-builder-el-16  el_after_av_hr  avia-builder-el-last '   itemprop=\"image\" itemscope=\"itemscope\" itemtype=\"https:\/\/schema.org\/ImageObject\" ><div class=\"avia-image-container-inner\"><div class=\"avia-image-overlay-wrap\"><img decoding=\"async\" fetchpriority=\"high\" class='wp-image-24575 avia-img-lazy-loading-not-24575 avia_image ' src=\"https:\/\/www.namtek.ca\/wp-content\/uploads\/2022\/09\/erpWizard-project-management-495x400.png\" alt='Project management' title='erpWizard-project-management'  height=\"400\" width=\"495\"  itemprop=\"thumbnailUrl\" srcset=\"https:\/\/www.namtek.ca\/wp-content\/uploads\/2022\/09\/erpWizard-project-management-495x400.png 495w, https:\/\/www.namtek.ca\/wp-content\/uploads\/2022\/09\/erpWizard-project-management-845x684.png 845w\" sizes=\"(max-width: 495px) 100vw, 495px\" \/><\/div><\/div><\/div><\/p><\/div><div  class='flex_column av-2yjexyk-1ea2d77f5c893423efaa432280fd15f0 av_one_half  avia-builder-el-17  el_after_av_one_half  avia-builder-el-last  flex_column_div  '     ><section  class='av_textblock_section av-3gct7yk-3a2eada9365aa23b7ea4b29999e16693 '   itemscope=\"itemscope\" itemtype=\"https:\/\/schema.org\/CreativeWork\" ><div class='avia_textblock'  itemprop=\"text\" ><h2>Gestion de projet<\/h2>\n<\/div><\/section><br \/>\n<div  class='hr av-29dhrvw-96c5e9398440ebbea90d2a86b5689695 hr-short  avia-builder-el-19  el_after_av_textblock  el_before_av_textblock  hr-left'><span class='hr-inner '><span class=\"hr-inner-style\"><\/span><\/span><\/div><br \/>\n<section  class='av_textblock_section av-1p5cn1o-ddd0b3df5480f5c852bae0f749edaa86 '   itemscope=\"itemscope\" itemtype=\"https:\/\/schema.org\/CreativeWork\" ><div class='avia_textblock'  itemprop=\"text\" ><p>Collaborez facilement avec les membres de l&rsquo;\u00e9quipe et g\u00e9rez des projets avec <strong>la solution de gestion de projet personnalisable<\/strong> d&rsquo;erpWizard.<\/p>\n<p>Le syst\u00e8me de gestion de projet d\u2019ErpWizard est une <strong>application infonuagique<\/strong> qui permet aux \u00e9quipes de collaborer efficacement et de g\u00e9rer toutes sortes de projets et de t\u00e2ches sous un m\u00eame toit, <strong>de n\u2019importe o\u00f9<\/strong> et <strong>\u00e0 tout moment<\/strong>.<\/p>\n<ul>\n<li>Solution mobile et web<\/li>\n<li>Cr\u00e9er et modifier des projets et leurs t\u00e2ches connexes<\/li>\n<li>Attribuer \u00e0 chaque projet et t\u00e2che les ressources n\u00e9cessaires<\/li>\n<li>Attacher des fichiers et images<\/li>\n<li>Sur mesure<\/li>\n<li>G\u00e9rer et maintenir vos contacts, utilisateurs, produits, services et \u00e9tablissements<\/li>\n<li>Laisser des commentaires et des notifications pour des ressources requises<\/li>\n<li>D\u00e9velopper et suivre les valeurs estim\u00e9es par rapport aux valeurs r\u00e9elles pour toutes les ressources n\u00e9cessaires<\/li>\n<\/ul>\n<\/div><\/section><br \/>\n<div  class='hr av-zn3sr0-9149bf68e43cf0e971e33085221f5b93 hr-short  avia-builder-el-21  el_after_av_textblock  avia-builder-el-last  hr-left'><span class='hr-inner '><span class=\"hr-inner-style\"><\/span><\/span><\/div><\/p><\/div><\/div><\/div><\/div><!-- close content main div --><\/div><\/div><div id='av_section_3'  class='avia-section av-2uuaf3g-f006c0f328cf4cb07abe26497eec513c alternate_color avia-section-default avia-shadow  avia-builder-el-22  el_after_av_section  el_before_av_section  avia-bg-style-scroll container_wrap sidebar_right'  ><div class='container av-section-cont-open' ><div class='template-page content  av-content-small alpha units'><div class='post-entry post-entry-type-page post-entry-26796'><div class='entry-content-wrapper clearfix'>\n<div  class='flex_column av-8wx60c-f54f2bcd1ae0a8920f46802a1dbc51e9 av_one_half  avia-builder-el-23  el_before_av_one_half  avia-builder-el-first  first flex_column_div  '     ><section  class='av_textblock_section av-l7j9igl5-a86846bdf35fcd87919dcb2a784b9eda '   itemscope=\"itemscope\" itemtype=\"https:\/\/schema.org\/CreativeWork\" ><div class='avia_textblock'  itemprop=\"text\" ><h2>Gestion du cycle de vie du produit (PLM)<\/h2>\n<\/div><\/section><br \/>\n<div  class='hr av-28ih39o-78cc79ce7084d75ac8d960442576cfde hr-short  avia-builder-el-25  el_after_av_textblock  el_before_av_textblock  hr-left'><span class='hr-inner '><span class=\"hr-inner-style\"><\/span><\/span><\/div><br \/>\n<section  class='av_textblock_section av-l7j9no35-9d21ff6c3b53229ee7cc82d2e4c80c0e '   itemscope=\"itemscope\" itemtype=\"https:\/\/schema.org\/CreativeWork\" ><div class='avia_textblock'  itemprop=\"text\" ><p>La solution (<strong>PLM<\/strong>) d\u2019ErpWizard permet aux entreprises d\u2019optimiser, de normaliser et de rationaliser les processus li\u00e9s au d\u00e9veloppement des produits. Avec un tableau de bord compr\u00e9hensif les utilisateurs peuvent d\u00e9velopper de nouveaux produits facilement, tout en suivant chaque r\u00e9vision et en voyant les \u00e9tapes de l&rsquo;ach\u00e8vement.<\/p>\n<p>Notre solution permet aux entreprises <strong>d&rsquo;optimiser<\/strong>, de <strong>standardiser<\/strong> et de <strong>rationaliser les processus<\/strong> li\u00e9s \u00e0 :<\/p>\n<ul>\n<li>D\u00e9veloppement de produits<\/li>\n<li>Modification des sp\u00e9cifications du produit<\/li>\n<li>Sp\u00e9cifications d&#8217;emballage<\/li>\n<\/ul>\n<\/div><\/section><br \/>\n<div  class='hr av-1kzjz8s-500c85a979ae2d6b3e4bd3e03ee5d343 hr-short  avia-builder-el-27  el_after_av_textblock  avia-builder-el-last  hr-left'><span class='hr-inner '><span class=\"hr-inner-style\"><\/span><\/span><\/div><\/p><\/div><div  class='flex_column av-12b50mk-10d7b8c7366d3ac26247f078de31ab6f av_one_half  avia-builder-el-28  el_after_av_one_half  avia-builder-el-last  flex_column_div  '     ><p>\n<style type=\"text\/css\" data-created_by=\"avia_inline_auto\" id=\"style-css-av-ldyagc-f5986d7af8849bbebb0cc899ca1a6a63\">\n#top .hr.hr-invisible.av-ldyagc-f5986d7af8849bbebb0cc899ca1a6a63{\nheight:50px;\n}\n<\/style>\n<div  class='hr av-ldyagc-f5986d7af8849bbebb0cc899ca1a6a63 hr-invisible  avia-builder-el-29  el_before_av_image  avia-builder-el-first '><span class='hr-inner '><span class=\"hr-inner-style\"><\/span><\/span><\/div><br \/>\n\n<style type=\"text\/css\" data-created_by=\"avia_inline_auto\" id=\"style-css-av-l7ja07b6-9acf29c44e99c6bd45fc31d38c1bc934\">\n.avia_transform .avia-image-container.av-l7ja07b6-9acf29c44e99c6bd45fc31d38c1bc934{\nanimation-duration:4s;\n}\n.avia-image-container.av-l7ja07b6-9acf29c44e99c6bd45fc31d38c1bc934 img.avia_image{\nbox-shadow:none;\n}\n.avia-image-container.av-l7ja07b6-9acf29c44e99c6bd45fc31d38c1bc934 .av-image-caption-overlay-center{\ncolor:#ffffff;\n}\n<\/style>\n<div  class='avia-image-container av-l7ja07b6-9acf29c44e99c6bd45fc31d38c1bc934 av-styling- av-hover-grow avia_animated_image av-animated-when-visible-95 right-to-left avia-align-center  avia-builder-el-30  el_after_av_hr  avia-builder-el-last '   itemprop=\"image\" itemscope=\"itemscope\" itemtype=\"https:\/\/schema.org\/ImageObject\" ><div class=\"avia-image-container-inner\"><div class=\"avia-image-overlay-wrap\"><img decoding=\"async\" fetchpriority=\"high\" class='wp-image-24579 avia-img-lazy-loading-not-24579 avia_image ' src=\"https:\/\/www.namtek.ca\/wp-content\/uploads\/2022\/09\/PLM-495x400.png\" alt='Product Lifecycle Management' title='PLM'  height=\"400\" width=\"495\"  itemprop=\"thumbnailUrl\" srcset=\"https:\/\/www.namtek.ca\/wp-content\/uploads\/2022\/09\/PLM-495x400.png 495w, https:\/\/www.namtek.ca\/wp-content\/uploads\/2022\/09\/PLM-300x242.png 300w, https:\/\/www.namtek.ca\/wp-content\/uploads\/2022\/09\/PLM-1030x832.png 1030w, https:\/\/www.namtek.ca\/wp-content\/uploads\/2022\/09\/PLM-768x621.png 768w, https:\/\/www.namtek.ca\/wp-content\/uploads\/2022\/09\/PLM-845x684.png 845w, https:\/\/www.namtek.ca\/wp-content\/uploads\/2022\/09\/PLM-705x570.png 705w, https:\/\/www.namtek.ca\/wp-content\/uploads\/2022\/09\/PLM.png 1485w\" sizes=\"(max-width: 495px) 100vw, 495px\" \/><\/div><\/div><\/div><\/p><\/div><\/div><\/div><\/div><!-- close content main div --><\/div><\/div><div id='av_section_4'  class='avia-section av-2t4hmi4-c276f820eac97ac368ea170638cd4129 main_color avia-section-default avia-shadow  avia-builder-el-31  el_after_av_section  el_before_av_promobox  avia-bg-style-scroll container_wrap sidebar_right'  ><div class='container av-section-cont-open' ><div class='template-page content  av-content-small alpha units'><div class='post-entry post-entry-type-page post-entry-26796'><div class='entry-content-wrapper clearfix'>\n<div  class='flex_column av-2ekqln0-4b07053612d967f625d1a1fd591b2aff av_one_half  avia-builder-el-32  el_before_av_one_half  avia-builder-el-first  first flex_column_div  '     ><p>\n<style type=\"text\/css\" data-created_by=\"avia_inline_auto\" id=\"style-css-av-29l69l8-a4630aae2c2461310356a167873e9914\">\n#top .hr.hr-invisible.av-29l69l8-a4630aae2c2461310356a167873e9914{\nheight:50px;\n}\n<\/style>\n<div  class='hr av-29l69l8-a4630aae2c2461310356a167873e9914 hr-invisible  avia-builder-el-33  el_before_av_image  avia-builder-el-first '><span class='hr-inner '><span class=\"hr-inner-style\"><\/span><\/span><\/div><br \/>\n\n<style type=\"text\/css\" data-created_by=\"avia_inline_auto\" id=\"style-css-av-l7jb6kgb-4964021354491a331896e7cf85045046\">\n.avia_transform .avia-image-container.av-l7jb6kgb-4964021354491a331896e7cf85045046{\nanimation-duration:4s;\n}\n.avia-image-container.av-l7jb6kgb-4964021354491a331896e7cf85045046 img.avia_image{\nbox-shadow:none;\n}\n.avia-image-container.av-l7jb6kgb-4964021354491a331896e7cf85045046 .av-image-caption-overlay-center{\ncolor:#ffffff;\n}\n<\/style>\n<div  class='avia-image-container av-l7jb6kgb-4964021354491a331896e7cf85045046 av-styling- av-hover-grow avia_animated_image av-animated-when-visible-95 right-to-left avia-align-center  avia-builder-el-34  el_after_av_hr  avia-builder-el-last '   itemprop=\"image\" itemscope=\"itemscope\" itemtype=\"https:\/\/schema.org\/ImageObject\" ><div class=\"avia-image-container-inner\"><div class=\"avia-image-overlay-wrap\"><img decoding=\"async\" fetchpriority=\"high\" class='wp-image-24584 avia-img-lazy-loading-not-24584 avia_image ' src=\"https:\/\/www.namtek.ca\/wp-content\/uploads\/2022\/09\/WIMS-2.0-495x400.png\" alt='Mobile Warehouse System' title='WIMS-2.0'  height=\"400\" width=\"495\"  itemprop=\"thumbnailUrl\" srcset=\"https:\/\/www.namtek.ca\/wp-content\/uploads\/2022\/09\/WIMS-2.0-495x400.png 495w, https:\/\/www.namtek.ca\/wp-content\/uploads\/2022\/09\/WIMS-2.0-300x242.png 300w, https:\/\/www.namtek.ca\/wp-content\/uploads\/2022\/09\/WIMS-2.0-1030x832.png 1030w, https:\/\/www.namtek.ca\/wp-content\/uploads\/2022\/09\/WIMS-2.0-768x621.png 768w, https:\/\/www.namtek.ca\/wp-content\/uploads\/2022\/09\/WIMS-2.0-845x684.png 845w, https:\/\/www.namtek.ca\/wp-content\/uploads\/2022\/09\/WIMS-2.0-705x570.png 705w, https:\/\/www.namtek.ca\/wp-content\/uploads\/2022\/09\/WIMS-2.0.png 1485w\" sizes=\"(max-width: 495px) 100vw, 495px\" \/><\/div><\/div><\/div><\/p><\/div><div  class='flex_column av-1ia16cs-dadbcf174aee97d098b6e12e58453ad3 av_one_half  avia-builder-el-35  el_after_av_one_half  avia-builder-el-last  flex_column_div  '     ><section  class='av_textblock_section av-l7ja9fm0-25fe2658d4ce283b539b9195e945025b '   itemscope=\"itemscope\" itemtype=\"https:\/\/schema.org\/CreativeWork\" ><div class='avia_textblock'  itemprop=\"text\" ><h2>Syst\u00e8me d&rsquo;entrep\u00f4t mobile<\/h2>\n<\/div><\/section><br \/>\n<div  class='hr av-4lvw30-c462c26c744899dec286bfb139e5fb7b hr-short  avia-builder-el-37  el_after_av_textblock  el_before_av_textblock  hr-left'><span class='hr-inner '><span class=\"hr-inner-style\"><\/span><\/span><\/div><br \/>\n<section  class='av_textblock_section av-l7jb7nvj-4ef156a184068cdbdf4b4de8431fe80b '   itemscope=\"itemscope\" itemtype=\"https:\/\/schema.org\/CreativeWork\" ><div class='avia_textblock'  itemprop=\"text\" ><p>Ce syst\u00e8me est facilement int\u00e9gr\u00e9 \u00e0 la suite ErpWizard, l\u2019application <strong>WIMS 2.0<\/strong> <strong>am\u00e9liore<\/strong> la gestion et le suivi de <strong>toutes les activit\u00e9s d\u2019entrep\u00f4t<\/strong> d\u2019une entreprise. Uniquement en utilisant un syst\u00e8me de collecte de donn\u00e9es d\u2019inventaire mobile, flexible et en temps r\u00e9el. L\u2019application dispose d\u2019une capacit\u00e9 multi-entreposage, d\u2019un suivi de la productivit\u00e9 des employ\u00e9s, de l\u2019emplacement des bacs et de la gestion des marchandises. Il est personnalisable pour s\u2019assurer qu\u2019il fonctionne pour vos besoins d\u2019entreposage sp\u00e9cifiques.<\/p>\n<p>Les fabricants et les distributeurs utilisant WIMS 2.0 peuvent fonctionner aussi efficacement que possible pour assurer un excellent service client, des op\u00e9rations sans erreur et b\u00e9n\u00e9ficier de r\u00e9ductions de co\u00fbts.<\/p>\n<p>Ce syst\u00e8me de gestion d&rsquo;entrep\u00f4t mobile peut:<\/p>\n<ul>\n<li>Fournir des informations en temps r\u00e9el (comme l&rsquo;\u00e9tat de l&rsquo;inventaire).<\/li>\n<li>Num\u00e9riser \u00e0 distance tous les \u00e9l\u00e9ments cod\u00e9s.<\/li>\n<li>Suivre les envois et les marchandises.<\/li>\n<li>Suivre plusieurs entrep\u00f4ts (\u00e0 diff\u00e9rents endroits).<\/li>\n<li>G\u00e9rer et suivre le rendement des employ\u00e9s.<\/li>\n<li>Donner acc\u00e8s \u00e0 un composant de comptabilit\u00e9 pour g\u00e9rer les stocks.<\/li>\n<\/ul>\n<\/div><\/section><br \/>\n<div  class='hr av-lsnp3g-a153ed7c1762ad2a8d7e46172429179d hr-short  avia-builder-el-39  el_after_av_textblock  avia-builder-el-last  hr-left'><span class='hr-inner '><span class=\"hr-inner-style\"><\/span><\/span><\/div><\/p><\/div><\/div><\/div><\/div><!-- close content main div --><\/div><\/div><div id='after_section_4'  class='main_color av_default_container_wrap container_wrap sidebar_right'  ><div class='container av-section-cont-open' ><div class='template-page content  av-content-small alpha units'><div class='post-entry post-entry-type-page post-entry-26796'><div class='entry-content-wrapper clearfix'>\n<style type=\"text\/css\" data-created_by=\"avia_inline_auto\" id=\"style-css-av-l7jbjvly-d853dd9010bd9408a4cfa98561a7f1b4\">\n@keyframes av_sonarEffect_av-l7jbjvly-d853dd9010bd9408a4cfa98561a7f1b4 {\n  0% {opacity: 0.3;}\n 40% {opacity: 0.5; box-shadow: 0 0 0 2px rgba(255,255,255,0.1), 0 0 10px 10px #ffffff, 0 0 0 10px rgba(255,255,255,0.5);}\n100% {opacity: 0; box-shadow: 0 0 0 2px rgba(255,255,255,0.1), 0 0 10px 10px #ffffff, 0 0 0 10px rgba(255,255,255,0.5); transform: scale(1.5);}\n}\n.av_promobox.av-l7jbjvly-d853dd9010bd9408a4cfa98561a7f1b4:hover:after{\nanimation:av_sonarEffect_av-l7jbjvly-d853dd9010bd9408a4cfa98561a7f1b4 1s ease-in-out;\n}\n<\/style>\n<div  class='av_promobox av-l7jbjvly-d853dd9010bd9408a4cfa98561a7f1b4 avia-button-yes  avia-builder-el-40  el_after_av_section  avia-builder-el-no-sibling  avia-sonar-shadow'><div class='avia-promocontent'><p>\n<strong>COMMENT REGARDER LA D\u00c9MO GRATUITE D&rsquo;ERPWIZARD ?<\/strong><\/p>\n<p>Pour demander une pr\u00e9sentation personnalis\u00e9e gratuite et une consultation informatique sans obligation envers vous, veuillez soumettre une demande et l&rsquo;un de nos repr\u00e9sentants vous contactera sous peu pour planifier une d\u00e9monstration \u00e0 votre convenance.<\/p>\n<\/div><div  class='avia-button-wrap av-l7jbjvly-cd65dcd32a9c82f98c1dcaa714a6a791-wrap avia-button-right '><a href='https:\/\/www.namtek.ca\/fr\/obtenez-une-consultation-gratuite-sur-linformatique\/'  class='avia-button av-l7jbjvly-cd65dcd32a9c82f98c1dcaa714a6a791 av-link-btn avia-icon_select-yes-left-icon avia-size-large avia-position-right avia-color-theme-color'  target=\"_blank\"  rel=\"noopener noreferrer\"  aria-label=\"VOIR LA D\u00c9MO\"><span class='avia_button_icon avia_button_icon_left avia-iconfont avia-font-entypo-fontello' data-av_icon='\ue8ab' data-av_iconfont='entypo-fontello' ><\/span><span class='avia_iconbox_title' >VOIR LA D\u00c9MO<\/span><\/a><\/div><\/div><\/p>\n","protected":false},"excerpt":{"rendered":"","protected":false},"author":35,"featured_media":0,"parent":0,"menu_order":6,"comment_status":"closed","ping_status":"closed","template":"","meta":{"_lmt_disableupdate":"","_lmt_disable":"","_monsterinsights_skip_tracking":false,"_monsterinsights_sitenote_active":false,"_monsterinsights_sitenote_note":"","_monsterinsights_sitenote_category":0,"footnotes":"","_links_to":"","_links_to_target":""},"categories":[],"tags":[1563,2373,2272],"class_list":["post-26796","page","type-page","status-publish","hentry","tag-erp-fr-2","tag-planification-des-ressources-de-lentreprise","tag-solution-erp-fr"],"aioseo_notices":[],"_links":{"self":[{"href":"https:\/\/www.namtek.ca\/fr\/wp-json\/wp\/v2\/pages\/26796","targetHints":{"allow":["GET"]}}],"collection":[{"href":"https:\/\/www.namtek.ca\/fr\/wp-json\/wp\/v2\/pages"}],"about":[{"href":"https:\/\/www.namtek.ca\/fr\/wp-json\/wp\/v2\/types\/page"}],"author":[{"embeddable":true,"href":"https:\/\/www.namtek.ca\/fr\/wp-json\/wp\/v2\/users\/35"}],"replies":[{"embeddable":true,"href":"https:\/\/www.namtek.ca\/fr\/wp-json\/wp\/v2\/comments?post=26796"}],"version-history":[{"count":5,"href":"https:\/\/www.namtek.ca\/fr\/wp-json\/wp\/v2\/pages\/26796\/revisions"}],"predecessor-version":[{"id":27318,"href":"https:\/\/www.namtek.ca\/fr\/wp-json\/wp\/v2\/pages\/26796\/revisions\/27318"}],"wp:attachment":[{"href":"https:\/\/www.namtek.ca\/fr\/wp-json\/wp\/v2\/media?parent=26796"}],"wp:term":[{"taxonomy":"category","embeddable":true,"href":"https:\/\/www.namtek.ca\/fr\/wp-json\/wp\/v2\/categories?post=26796"},{"taxonomy":"post_tag","embeddable":true,"href":"https:\/\/www.namtek.ca\/fr\/wp-json\/wp\/v2\/tags?post=26796"}],"curies":[{"name":"wp","href":"https:\/\/api.w.org\/{rel}","templated":true}]}}