{"id":26763,"date":"2022-10-03T17:35:39","date_gmt":"2022-10-03T17:35:39","guid":{"rendered":"https:\/\/www.namtek.ca\/conseil-en-technologie\/"},"modified":"2023-12-14T14:26:44","modified_gmt":"2023-12-14T14:26:44","slug":"conseil-en-technologie","status":"publish","type":"page","link":"https:\/\/www.namtek.ca\/fr\/conseil-en-technologie\/","title":{"rendered":"Conseil en technologie"},"content":{"rendered":"<div  class='flex_column av-3yysbk1-3923f2e35bee808547dc50c4765925c4 av_one_full  avia-builder-el-0  el_before_av_section  avia-builder-el-no-sibling  first flex_column_div  '     ><section  class='av_textblock_section av-l8t00bzf-22ba2e6e3786c64d4b78f301e8e33e40 '   itemscope=\"itemscope\" itemtype=\"https:\/\/schema.org\/CreativeWork\" ><div class='avia_textblock'  itemprop=\"text\" ><h1 style=\"text-align: center;\">Conseil en technologie<\/h1>\n<\/div><\/section><br \/>\n<div  class='hr av-3b4htvl-c20304281148ed8e76c3289ef1c9a2dc hr-short  avia-builder-el-2  el_after_av_textblock  el_before_av_textblock  hr-center'><span class='hr-inner '><span class=\"hr-inner-style\"><\/span><\/span><\/div><br \/>\n<section  class='av_textblock_section av-l8t022x5-9c827fb5fae0e9e8f7b1764e0796d920 '   itemscope=\"itemscope\" itemtype=\"https:\/\/schema.org\/CreativeWork\" ><div class='avia_textblock'  itemprop=\"text\" ><p style=\"text-align: center;\">Nous aidons <a href=\"https:\/\/www.namtek.ca\/fr\/etudes-de-cas-clients\/\" target=\"_blank\" rel=\"noopener\">les entreprises<\/a> \u00e0 am\u00e9liorer leurs processus d\u2019affaires et \u00e0 r\u00e9ussir \u00e0 l\u2019\u00e8re de la <strong>transformation num\u00e9rique<\/strong>.<\/p>\n<\/div><\/section><\/p><\/div>\n<\/div><\/div><\/div><!-- close content main div --><\/div><\/div><div id='av_section_1'  class='avia-section av-32gmz7l-73b589b55e074c8d499b4f0cb1e247f2 alternate_color avia-section-default avia-shadow  avia-builder-el-4  el_after_av_one_full  el_before_av_section  avia-bg-style-scroll container_wrap sidebar_right'  ><div class='container av-section-cont-open' ><div class='template-page content  av-content-small alpha units'><div class='post-entry post-entry-type-page post-entry-26763'><div class='entry-content-wrapper clearfix'>\n<div  class='flex_column av-8gsc2p-d6bdf586ec79b53244bb8e4d1a3fbb51 av_one_half  avia-builder-el-5  el_before_av_one_half  avia-builder-el-first  first flex_column_div  '     ><section  class='av_textblock_section av-l8t02u9t-117060c80a88b2bcad8e83adb0afb941 '   itemscope=\"itemscope\" itemtype=\"https:\/\/schema.org\/CreativeWork\" ><div class='avia_textblock'  itemprop=\"text\" ><h2>Transformation num\u00e9rique pour de meilleurs r\u00e9sultats commerciaux<\/h2>\n<\/div><\/section><br \/>\n<div  class='hr av-1xiukch-4175f29e69e570a7a0432e86399a7f25 hr-short  avia-builder-el-7  el_after_av_textblock  el_before_av_textblock  hr-left'><span class='hr-inner '><span class=\"hr-inner-style\"><\/span><\/span><\/div><br \/>\n<section  class='av_textblock_section av-l8t03gdc-b718b56d70f3864cb166cee5b8563394 '   itemscope=\"itemscope\" itemtype=\"https:\/\/schema.org\/CreativeWork\" ><div class='avia_textblock'  itemprop=\"text\" ><p>Nous vivons \u00e0 une \u00e9poque o\u00f9 la technologie \u00e9volue rapidement. Il ne fait aucun doute que cela affecte les entreprises de tous les secteurs. Chaque jour, les entreprises sont confront\u00e9es \u00e0 de nouveaux <strong>d\u00e9fis et menaces technologiques<\/strong>.<\/p>\n<p>Pendant ce temps, les <a href=\"https:\/\/www.namtek.ca\/technology-trends-that-influence-the-digital-transformation-of-smes\/\" target=\"_blank\" rel=\"noopener\">progr\u00e8s technologiques<\/a> cr\u00e9ent de nouvelles opportunit\u00e9s commerciales.<\/p>\n<p>Notre entreprise fournit des <strong>Services de Conseil en Technologie<\/strong> de premi\u00e8re classe pour aider les entreprises \u00e0 naviguer dans le paysage technologique en constante \u00e9volution et \u00e0 rester en t\u00eate. Notre \u00e9quipe de consultants exp\u00e9riment\u00e9s offre des conseils experts sur les derni\u00e8res technologies, aidant les organisations \u00e0 prendre des d\u00e9cisions inform\u00e9es sur leurs investissements technologiques.<\/p>\n<p>De la d\u00e9veloppement de la strat\u00e9gie \u00e0 la mise en \u0153uvre, nous travaillons en \u00e9troite collaboration avec nos clients pour comprendre leurs besoins uniques et d\u00e9fis et fournir des solutions personnalis\u00e9es qui produisent des r\u00e9sultats.<\/p>\n<\/div><\/section><br \/>\n<div  class='hr av-1l6n1wh-6d08e63d945ba0b3ade7421a0e65fd0f hr-short  avia-builder-el-9  el_after_av_textblock  avia-builder-el-last  hr-left'><span class='hr-inner '><span class=\"hr-inner-style\"><\/span><\/span><\/div><\/p><\/div><div  class='flex_column av-z713z5-75cf64aabe10b171dcb37beeae4d42d6 av_one_half  avia-builder-el-10  el_after_av_one_half  avia-builder-el-last  flex_column_div  '     ><p>\n<style type=\"text\/css\" data-created_by=\"avia_inline_auto\" id=\"style-css-av-ldvrs842-a440457971303f0d348cf22e4ea024bb\">\n#top .hr.hr-invisible.av-ldvrs842-a440457971303f0d348cf22e4ea024bb{\nheight:100px;\n}\n<\/style>\n<div  class='hr av-ldvrs842-a440457971303f0d348cf22e4ea024bb hr-invisible  avia-builder-el-11  el_before_av_image  avia-builder-el-first '><span class='hr-inner '><span class=\"hr-inner-style\"><\/span><\/span><\/div><br \/>\n\n<style type=\"text\/css\" data-created_by=\"avia_inline_auto\" id=\"style-css-av-l8t1s1c4-6497f1fa80e22f0b8f189cb0b65bb607\">\n.avia_transform .avia-image-container.av-l8t1s1c4-6497f1fa80e22f0b8f189cb0b65bb607{\nanimation-duration:2s;\n}\n.avia-image-container.av-l8t1s1c4-6497f1fa80e22f0b8f189cb0b65bb607 img.avia_image{\nbox-shadow:none;\n}\n.avia-image-container.av-l8t1s1c4-6497f1fa80e22f0b8f189cb0b65bb607 .av-image-caption-overlay-center{\ncolor:#ffffff;\n}\n<\/style>\n<div  class='avia-image-container av-l8t1s1c4-6497f1fa80e22f0b8f189cb0b65bb607 av-styling- avia_animated_image av-animated-when-visible-95 left-to-right avia-align-center  avia-builder-el-12  el_after_av_hr  avia-builder-el-last '   itemprop=\"image\" itemscope=\"itemscope\" itemtype=\"https:\/\/schema.org\/ImageObject\" ><div class=\"avia-image-container-inner\"><div class=\"avia-image-overlay-wrap\"><img decoding=\"async\" fetchpriority=\"high\" class='wp-image-25283 avia-img-lazy-loading-not-25283 avia_image ' src=\"https:\/\/www.namtek.ca\/wp-content\/uploads\/2022\/10\/Namtek-Technology-Consulting-495x400.png\" alt='Technology Consulting' title='Namtek-Technology-Consulting'  height=\"400\" width=\"495\"  itemprop=\"thumbnailUrl\" srcset=\"https:\/\/www.namtek.ca\/wp-content\/uploads\/2022\/10\/Namtek-Technology-Consulting-495x400.png 495w, https:\/\/www.namtek.ca\/wp-content\/uploads\/2022\/10\/Namtek-Technology-Consulting-300x242.png 300w, https:\/\/www.namtek.ca\/wp-content\/uploads\/2022\/10\/Namtek-Technology-Consulting-1030x832.png 1030w, https:\/\/www.namtek.ca\/wp-content\/uploads\/2022\/10\/Namtek-Technology-Consulting-768x621.png 768w, https:\/\/www.namtek.ca\/wp-content\/uploads\/2022\/10\/Namtek-Technology-Consulting-845x684.png 845w, https:\/\/www.namtek.ca\/wp-content\/uploads\/2022\/10\/Namtek-Technology-Consulting-705x570.png 705w, https:\/\/www.namtek.ca\/wp-content\/uploads\/2022\/10\/Namtek-Technology-Consulting.png 1485w\" sizes=\"(max-width: 495px) 100vw, 495px\" \/><\/div><\/div><\/div><\/p><\/div>\n\n<\/div><\/div><\/div><!-- close content main div --><\/div><\/div><div id='av_section_2'  class='avia-section av-av_section-8c9bfbcdbacece8b91f73fbc44d561b5 main_color avia-section-default avia-no-shadow  avia-builder-el-13  el_after_av_section  el_before_av_section  avia-bg-style-scroll container_wrap sidebar_right'  ><div class='container av-section-cont-open' ><div class='template-page content  av-content-small alpha units'><div class='post-entry post-entry-type-page post-entry-26763'><div class='entry-content-wrapper clearfix'>\n<section  class='av_textblock_section av-lq5a52f7-8a00468c42d6b13f7468e20c83fdacaa '   itemscope=\"itemscope\" itemtype=\"https:\/\/schema.org\/CreativeWork\" ><div class='avia_textblock'  itemprop=\"text\" ><h2 style=\"margin-bottom: 12.0pt;\">\u00c9largir vos horizons<\/h2>\n<\/div><\/section>\n<div  class='hr av-av_hr-db2e063cd3a737bc77aec0bbc84ee1dc hr-short  avia-builder-el-15  el_after_av_textblock  el_before_av_textblock  hr-left'><span class='hr-inner '><span class=\"hr-inner-style\"><\/span><\/span><\/div>\n<section  class='av_textblock_section av-lq5ac2kg-533da74cb34826f0e2d2b8c8e95f93b0 '   itemscope=\"itemscope\" itemtype=\"https:\/\/schema.org\/CreativeWork\" ><div class='avia_textblock'  itemprop=\"text\" ><p>Nos services complets couvrent divers domaines, notamment :<\/p>\n<ul>\n<li><strong><a href=\"https:\/\/www.namtek.ca\/fr\/services-geres-en-nuage\/\" target=\"_blank\" rel=\"noopener\">Informatique en nuage<\/a>:<\/strong> \u00c9levez votre entreprise avec des solutions infonuagiques \u00e9volutives et s\u00e9curis\u00e9es adapt\u00e9es \u00e0 vos besoins sp\u00e9cifiques.<\/li>\n<li><strong><a href=\"https:\/\/www.namtek.ca\/fr\/integration-de-systemes\/\" target=\"_blank\" rel=\"noopener\">Int\u00e9gration des syst\u00e8mes<\/a>:<\/strong> Connectez et optimisez vos syst\u00e8mes de mani\u00e8re transparente pour une efficacit\u00e9 et une productivit\u00e9 accrues.<\/li>\n<li><strong><a href=\"https:\/\/www.namtek.ca\/fr\/intelligence-daffaire\/\" target=\"_blank\" rel=\"noopener\">Intelligence d&rsquo;Affaires (IA)<\/a>:<\/strong> Tire profit d&rsquo;analyses bas\u00e9es sur les donn\u00e9es pour prendre des d\u00e9cisions \u00e9clair\u00e9es et obtenir un avantage concurrentiel.<\/li>\n<li><a href=\"https:\/\/www.edi2xml.com\/\" target=\"_blank\" rel=\"noopener\"><strong>\u00c9change \u00c9lectronique de Donn\u00e9es (EDI)<\/strong><\/a>: Rationalisez vos processus commerciaux gr\u00e2ce \u00e0 l&rsquo;automatisation et \u00e0 un \u00e9change de donn\u00e9es efficace.<\/li>\n<li><a href=\"https:\/\/www.namtek.ca\/fr\/services-de-conformite\/\" target=\"_blank\" rel=\"noopener\"><strong>Conformit\u00e9:<\/strong><\/a> Atteignez et maintenez facilement les normes les plus \u00e9lev\u00e9es en mati\u00e8re de conformit\u00e9 et de s\u00e9curit\u00e9 avec nos services de conformit\u00e9.\u00a0\u00bb<\/li>\n<\/ul>\n<\/div><\/section>\n\n<\/div><\/div><\/div><!-- close content main div --><\/div><\/div><div id='av_section_3'  class='avia-section av-lq5anazz-ae2825cfbce355ee82be706f119cdda3 alternate_color avia-section-default avia-no-shadow  avia-builder-el-17  el_after_av_section  el_before_av_section  avia-bg-style-scroll container_wrap sidebar_right'  ><div class='container av-section-cont-open' ><div class='template-page content  av-content-small alpha units'><div class='post-entry post-entry-type-page post-entry-26763'><div class='entry-content-wrapper clearfix'>\n<div  class='flex_column av-33561c1-9a72fa74f88587f955499fb0efc0d17d av_one_half  avia-builder-el-18  el_before_av_one_half  avia-builder-el-first  first flex_column_div  '     ><section  class='av_textblock_section av-l9crk0vh-3111efd509993c66acd44fd6091de4df '   itemscope=\"itemscope\" itemtype=\"https:\/\/schema.org\/CreativeWork\" ><div class='avia_textblock'  itemprop=\"text\" ><h2 style=\"margin-bottom: 12.0pt;\">Comment pouvons-nous aider?<\/h2>\n<\/div><\/section><br \/>\n<div  class='hr av-2cz6001-0668a5cc9eec766656221aacad185966 hr-short  avia-builder-el-20  el_after_av_textblock  el_before_av_textblock  hr-left'><span class='hr-inner '><span class=\"hr-inner-style\"><\/span><\/span><\/div><br \/>\n<section  class='av_textblock_section av-l9crozv2-1a50fc3948731b0fa28c3e6d0d6f0b80 '   itemscope=\"itemscope\" itemtype=\"https:\/\/schema.org\/CreativeWork\" ><div class='avia_textblock'  itemprop=\"text\" ><p>Nous effectuons <strong>un audit complet de l\u2019infrastructure informatique<\/strong>, identifions et analysons les probl\u00e8mes informatiques d\u2019entreprise, puis d\u00e9veloppons une solution pour optimiser ou moderniser l\u2019infrastructure informatique d\u2019une entreprise.<\/p>\n<p>Nous aidons nos clients de diff\u00e9rentes mani\u00e8res:<\/p>\n<\/div><\/section><br \/>\n\n<style type=\"text\/css\" data-created_by=\"avia_inline_auto\" id=\"style-css-av-l9crv49e-6080ca2bd9ed5bd351cba5aac5602f98\">\n@keyframes av_sonarEffect_av-l9crv49e-6080ca2bd9ed5bd351cba5aac5602f98 {\n  0% {opacity: 0.3;}\n 50% {opacity: 0.5;}\n100% {opacity: 0.5; transform: scale(1.5);}\n}\n#top .avia-icon-list-container.av-l9crv49e-6080ca2bd9ed5bd351cba5aac5602f98 .iconlist_icon:hover{\nanimation:av_sonarEffect_av-l9crv49e-6080ca2bd9ed5bd351cba5aac5602f98 1s ease-in-out;\n}\n<\/style>\n<div  class='avia-icon-list-container av-l9crv49e-6080ca2bd9ed5bd351cba5aac5602f98  avia-builder-el-22  el_after_av_textblock  el_before_av_hr '><ul class='avia-icon-list avia_animate_when_almost_visible avia-icon-list-left av-iconlist-big av-l9crv49e-6080ca2bd9ed5bd351cba5aac5602f98 avia-iconlist-animate avia-sonar-shadow'>\n<li><div class='iconlist_icon av-l9crqj3m-c2eb0e64c41cf50b55af5fa1d6931a49 avia-font-entypo-fontello avia-iconfont avia-font-entypo-fontello'><span class='av-icon-char' data-av_icon='\ue863' data-av_iconfont='entypo-fontello' aria-hidden=\"true\"><\/span><\/div><article class=\"article-icon-entry \"  itemscope=\"itemscope\" itemtype=\"https:\/\/schema.org\/CreativeWork\" ><div class=\"iconlist_content_wrap\"><header class=\"entry-content-header\" aria-label=\"Ic\u00f4ne : \"><\/header><div class='iconlist_content '  itemprop=\"text\" ><p><strong>\u00e0 court terme<\/strong> (solutions informatiques sp\u00e9cifiques telles que l&rsquo;automatisation via <a href=\"https:\/\/www.edi2xml.com\/edi-to-xml-as-a-service-converter-features\/\" target=\"_blank\" rel=\"noopener\">EDI<\/a>, l&rsquo;int\u00e9gration des syst\u00e8mes d&rsquo;entreprise, etc.)<\/p>\n<\/div><\/div><footer class=\"entry-footer\"><\/footer><\/article><div class=\"iconlist-timeline\"><\/div><\/li>\n<li><div class='iconlist_icon av-l9crtfip-f2cc4501e81f65330447504441e7c6bc avia-font-entypo-fontello avia-iconfont avia-font-entypo-fontello'><span class='av-icon-char' data-av_icon='\ue864' data-av_iconfont='entypo-fontello' aria-hidden=\"true\"><\/span><\/div><article class=\"article-icon-entry \"  itemscope=\"itemscope\" itemtype=\"https:\/\/schema.org\/CreativeWork\" ><div class=\"iconlist_content_wrap\"><header class=\"entry-content-header\" aria-label=\"Ic\u00f4ne : \"><\/header><div class='iconlist_content '  itemprop=\"text\" ><p><strong>\u00e0 long terme<\/strong> (strat\u00e9gies de d\u00e9veloppement informatique pour plusieurs ann\u00e9es \u00e0 venir).<\/p>\n<\/div><\/div><footer class=\"entry-footer\"><\/footer><\/article><div class=\"iconlist-timeline\"><\/div><\/li>\n<\/ul><\/div><br \/>\n<div  class='hr av-29fedkx-3192b941ea3e1a6103e631b18a16926f hr-short  avia-builder-el-23  el_after_av_iconlist  avia-builder-el-last  hr-left'><span class='hr-inner '><span class=\"hr-inner-style\"><\/span><\/span><\/div><\/p><\/div><div  class='flex_column av-av_one_half-f73a11ccd29996a2a11249d534554c23 av_one_half  avia-builder-el-24  el_after_av_one_half  avia-builder-el-last  flex_column_div  '     ><section  class='av_textblock_section av-lq5adng9-60971821514ef6c00668df725234c58d '   itemscope=\"itemscope\" itemtype=\"https:\/\/schema.org\/CreativeWork\" ><div class='avia_textblock'  itemprop=\"text\" ><h2>\u00c9lever l&rsquo;efficacit\u00e9 gr\u00e2ce \u00e0 l&rsquo;innovation<\/h2>\n<\/div><\/section><br \/>\n<div  class='hr av-av_hr-db2e063cd3a737bc77aec0bbc84ee1dc hr-short  avia-builder-el-26  el_after_av_textblock  el_before_av_textblock  hr-left'><span class='hr-inner '><span class=\"hr-inner-style\"><\/span><\/span><\/div><br \/>\n<section  class='av_textblock_section av-lq5alilf-11a39faa34a5c789230f7dba4325317f '   itemscope=\"itemscope\" itemtype=\"https:\/\/schema.org\/CreativeWork\" ><div class='avia_textblock'  itemprop=\"text\" ><p>Collaborer avec <strong><a href=\"https:\/\/www.namtek.ca\/\" target=\"_blank\" rel=\"noopener\">Les Services de Consultation Namtek<\/a><\/strong> signifie avoir acc\u00e8s \u00e0 une \u00e9quipe de <strong>consultants informatiques d\u00e9vou\u00e9s<\/strong> qui comprennent parfaitement votre entreprise.<\/p>\n<p>Nous allons au-del\u00e0 de la r\u00e9solution de probl\u00e8mes ; nous am\u00e9liorons et rationalisons vos processus de gestion. Nos experts sont l\u00e0 pour r\u00e9pondre \u00e0 vos questions, offrir des conseils pr\u00e9cieux en mati\u00e8re d&rsquo;entreprise et fournir des solutions pratiques qui am\u00e9liorent l&rsquo;efficacit\u00e9 de l&rsquo;entreprise.<\/p>\n<p>L&rsquo;objectif n&rsquo;est pas seulement de r\u00e9pondre \u00e0 vos attentes, mais de les d\u00e9passer.<\/p>\n<p>Chez <strong>Les Services de Consultation Namtek<\/strong>, nous ne sommes pas simplement des consultants ; nous sommes vos partenaires strat\u00e9giques dans le voyage vers l&rsquo;excellence num\u00e9rique. Construisons ensemble l&rsquo;avenir de votre entreprise.<\/p>\n<\/div><\/section><br \/>\n<div  class='hr av-av_hr-db2e063cd3a737bc77aec0bbc84ee1dc hr-short  avia-builder-el-28  el_after_av_textblock  avia-builder-el-last  hr-left'><span class='hr-inner '><span class=\"hr-inner-style\"><\/span><\/span><\/div><\/p><\/div>\n\n<\/div><\/div><\/div><!-- close content main div --><\/div><\/div><div id='av_section_4'  class='avia-section av-l9cs0ssv-1752aa03138f3140d62b381b10ac237a alternate_color avia-section-default avia-no-shadow  avia-builder-el-29  el_after_av_section  avia-builder-el-last  avia-bg-style-scroll container_wrap sidebar_right'  ><div class='container av-section-cont-open' ><div class='template-page content  av-content-small alpha units'><div class='post-entry post-entry-type-page post-entry-26763'><div class='entry-content-wrapper clearfix'>\n<div  class='av_promobox av-ry4yox-a7e3bfb9426e618a3964f1068bc89a6f avia-button-yes  avia-builder-el-30  avia-builder-el-no-sibling '><div class='avia-promocontent'><p>Vous ne savez pas si votre entreprise fonctionne aussi efficacement que possible? Demandez une s\u00e9ance de consultation en t\u00eate-\u00e0-t\u00eate <strong>GRATUITE<\/strong> avec nos experts internes.<\/p>\n<\/div><div  class='avia-button-wrap av-ry4yox-1403369206779efe395149a0de97555b-wrap avia-button-right '><a href='https:\/\/www.namtek.ca\/fr\/obtenez-une-consultation-gratuite-sur-linformatique\/'  class='avia-button av-ry4yox-1403369206779efe395149a0de97555b av-link-btn avia-icon_select-no avia-size-medium avia-position-right avia-color-theme-color'   aria-label=\"PLANIFIER UN APPEL\"><span class='avia_iconbox_title' >PLANIFIER UN APPEL<\/span><\/a><\/div><\/div>\n<\/div><\/div><\/div><!-- close content main div --><\/div><\/div><div id='after_section_4'  class='main_color av_default_container_wrap container_wrap sidebar_right'  ><div class='container av-section-cont-open' ><div class='template-page content  av-content-small alpha units'><div class='post-entry post-entry-type-page post-entry-26763'><div class='entry-content-wrapper clearfix'>\n","protected":false},"excerpt":{"rendered":"","protected":false},"author":35,"featured_media":0,"parent":0,"menu_order":9,"comment_status":"closed","ping_status":"closed","template":"","meta":{"_lmt_disableupdate":"","_lmt_disable":"","_monsterinsights_skip_tracking":false,"_monsterinsights_sitenote_active":false,"_monsterinsights_sitenote_note":"","_monsterinsights_sitenote_category":0,"footnotes":"","_links_to":"","_links_to_target":""},"categories":[],"tags":[2284,1936],"class_list":["post-26763","page","type-page","status-publish","hentry","tag-conseil-en-technologie","tag-transformation-numerique-fr"],"aioseo_notices":[],"_links":{"self":[{"href":"https:\/\/www.namtek.ca\/fr\/wp-json\/wp\/v2\/pages\/26763","targetHints":{"allow":["GET"]}}],"collection":[{"href":"https:\/\/www.namtek.ca\/fr\/wp-json\/wp\/v2\/pages"}],"about":[{"href":"https:\/\/www.namtek.ca\/fr\/wp-json\/wp\/v2\/types\/page"}],"author":[{"embeddable":true,"href":"https:\/\/www.namtek.ca\/fr\/wp-json\/wp\/v2\/users\/35"}],"replies":[{"embeddable":true,"href":"https:\/\/www.namtek.ca\/fr\/wp-json\/wp\/v2\/comments?post=26763"}],"version-history":[{"count":9,"href":"https:\/\/www.namtek.ca\/fr\/wp-json\/wp\/v2\/pages\/26763\/revisions"}],"predecessor-version":[{"id":30178,"href":"https:\/\/www.namtek.ca\/fr\/wp-json\/wp\/v2\/pages\/26763\/revisions\/30178"}],"wp:attachment":[{"href":"https:\/\/www.namtek.ca\/fr\/wp-json\/wp\/v2\/media?parent=26763"}],"wp:term":[{"taxonomy":"category","embeddable":true,"href":"https:\/\/www.namtek.ca\/fr\/wp-json\/wp\/v2\/categories?post=26763"},{"taxonomy":"post_tag","embeddable":true,"href":"https:\/\/www.namtek.ca\/fr\/wp-json\/wp\/v2\/tags?post=26763"}],"curies":[{"name":"wp","href":"https:\/\/api.w.org\/{rel}","templated":true}]}}