{"id":26749,"date":"2022-09-01T13:50:32","date_gmt":"2022-09-01T13:50:32","guid":{"rendered":"https:\/\/www.namtek.ca\/politique-de-confidentialite-de-namtek-consulting-services\/"},"modified":"2022-11-22T19:12:54","modified_gmt":"2022-11-22T19:12:54","slug":"politique-de-confidentialite-de-namtek-consulting-services","status":"publish","type":"page","link":"https:\/\/www.namtek.ca\/fr\/politique-de-confidentialite-de-namtek-consulting-services\/","title":{"rendered":"Politique de confidentialit\u00e9 de Namtek Consulting Services"},"content":{"rendered":"<div  class='flex_column av-1qyynlp-10cb5d997e3175d8d27561011ee1db3a av_one_full  avia-builder-el-0  el_before_av_one_full  avia-builder-el-first  first flex_column_div  '     ><section  class='av_textblock_section av-l7j3ruds-f8dde96b2f3ab774daa026a492a1c318 '   itemscope=\"itemscope\" itemtype=\"https:\/\/schema.org\/CreativeWork\" ><div class='avia_textblock'  itemprop=\"text\" ><h1 style=\"text-align: center;\">Politique de confidentialit\u00e9<\/h1>\n<\/div><\/section><br \/>\n<div  class='hr av-14i354t-862af9974e35e7005ce15a60e0e48c4b hr-short  avia-builder-el-2  el_after_av_textblock  el_before_av_textblock  hr-center'><span class='hr-inner '><span class=\"hr-inner-style\"><\/span><\/span><\/div><br \/>\n<section  class='av_textblock_section av-l7j3skua-2401e34d98083c72670d3d895c9e2e85 '   itemscope=\"itemscope\" itemtype=\"https:\/\/schema.org\/CreativeWork\" ><div class='avia_textblock'  itemprop=\"text\" ><p style=\"text-align: center;\">Cette politique de confidentialit\u00e9 a \u00e9t\u00e9 compil\u00e9e pour mieux servir ceux qui sont pr\u00e9occup\u00e9s par la fa\u00e7on dont leurs \u00ab informations personnelles identifiables \u00bb (PII) sont utilis\u00e9es en ligne. Les PII, tels que d\u00e9crits dans la loi am\u00e9ricaine sur la confidentialit\u00e9 et la s\u00e9curit\u00e9 des informations, sont des informations qui peuvent \u00eatre utilis\u00e9es seules ou avec d&rsquo;autres informations pour identifier, contacter ou localiser une seule personne, ou pour identifier une personne dans son contexte. Veuillez lire attentivement notre politique de confidentialit\u00e9 pour bien comprendre comment nous collectons, utilisons, prot\u00e9geons ou g\u00e9rons vos informations personnelles identifiables conform\u00e9ment \u00e0 notre site Web.<\/p>\n<\/div><\/section><\/p><\/div><div  class='flex_column av-nj1yzh-fa45cffd76d24f0fb97f055572587233 av_one_full  avia-builder-el-4  el_after_av_one_full  avia-builder-el-last  first flex_column_div  column-top-margin'     ><section  class='av_textblock_section av-l7j3tqqk-36d340cc7ce512f8891017ab067307d2 '   itemscope=\"itemscope\" itemtype=\"https:\/\/schema.org\/CreativeWork\" ><div class='avia_textblock'  itemprop=\"text\" ><h2><strong>Qui nous sommes<\/strong><\/h2>\n<p>L&rsquo;adresse de notre site Web est : <a href=\"https:\/\/www.namtek.ca\/fr\/\">https:\/\/www.namtek.ca\/fr\/<\/a><\/p>\n<h2><strong>Quelles informations personnelles collectons-nous aupr\u00e8s des personnes qui visitent notre blog, notre site Web ou notre application?<\/strong><\/h2>\n<p>Lors de la commande ou de l&rsquo;inscription sur notre site, le cas \u00e9ch\u00e9ant, il peut que vous soyez demand\u00e9 de saisir votre nom, votre courriel professionnel, votre num\u00e9ro de t\u00e9l\u00e9phone professionnel ou d&rsquo;autres d\u00e9tails pour vous aider dans votre exp\u00e9rience.<\/p>\n<h2><strong>Quand collectons-nous des informations?<\/strong><\/h2>\n<p>Nous collectons des informations lorsqu&rsquo;un utilisateur d\u00e9cide de remplir un formulaire, de s&rsquo;abonner \u00e0 notre bulletin, d&rsquo;utiliser Clavardage en direct ou de saisir des informations sur notre site.<\/p>\n<h2><strong>Comment utilisons-nous vos informations ?<\/strong><\/h2>\n<p>Nous pouvons utiliser les informations que nous recueillons aupr\u00e8s de vous lorsque vous vous inscrivez, effectuez un achat, inscrivez-vous \u00e0 notre bulletin d&rsquo;informations, r\u00e9pondez \u00e0 un sondage ou \u00e0 une communication de publicit\u00e9, naviguez sur le site Web ou utilisez certaines autres fonctionnalit\u00e9s du site de la mani\u00e8re suivante:<\/p>\n<p>\u2022 Pour personnaliser votre exp\u00e9rience et nous permettre de vous proposer le type de contenu et d&rsquo;offres de produits qui vous int\u00e9ressent le plus;<br \/>\n\u2022 Am\u00e9liorer notre site Internet afin de mieux vous servir;<br \/>\n\u2022 Afin que nous puissions mieux vous servir en r\u00e9pondant \u00e0 vos demandes de service \u00e0 la client\u00e8le;<br \/>\n\u2022 Pour administrer un concours, une promotion, un sondage ou une autre fonctionnalit\u00e9 du site;<br \/>\n\u2022 Pour envoyer des courriels p\u00e9riodiques concernant votre commande ou d&rsquo;autres produits et services;<br \/>\n\u2022 Pour vous contacter apr\u00e8s la correspondance (clavardage en direct, courriel ou t\u00e9l\u00e9phone)<\/p>\n<h2><strong>Comment prot\u00e9geons-nous vos informations?<\/strong><\/h2>\n<p>Vos informations personnelles sont stock\u00e9es dans des r\u00e9seaux s\u00e9curis\u00e9s et ne sont accessibles qu&rsquo;\u00e0 un nombre limit\u00e9 de personnes. Celles-ci ont des droits d&rsquo;acc\u00e8s sp\u00e9ciaux \u00e0 ces syst\u00e8mes et sont tenues de garder les informations confidentielles. De plus, toutes les informations sensibles que vous fournissez sont crypt\u00e9es \u00e0 l&rsquo;aide de la technologie SSL (Secure Socket Layer).<br \/>\nNous mettons en \u0153uvre une vari\u00e9t\u00e9 de mesures de s\u00e9curit\u00e9 lorsqu&rsquo;un utilisateur inscrit et soumet ses informations, ou acc\u00e8de \u00e0 ses informations pour maintenir la s\u00e9curit\u00e9 de vos informations personnelles.<br \/>\nToutes les transactions financi\u00e8res, une fois mises en \u0153uvre, seront trait\u00e9es par un fournisseur de passerelle et les informations de carte de cr\u00e9dit ne seront ni stock\u00e9es ni trait\u00e9es sur nos serveurs.<\/p>\n<h2><strong>Utilisons-nous des \u00ab cookies\u00bb?<\/strong><\/h2>\n<p>Vous pouvez choisir que votre ordinateur vous avertisse chaque fois qu&rsquo;un cookie est envoy\u00e9, ou vous pouvez choisir de d\u00e9sactiver tous les cookies. Pour ce faire, utilisez les param\u00e8tres de votre navigateur. \u00c9tant donn\u00e9 que le navigateur est un peu diff\u00e9rent, consultez le menu d&rsquo;aide de votre navigateur pour savoir comment modifier correctement vos cookies.<br \/>\n<strong>Divulgation \u00e0 un tiers parti<\/strong><br \/>\nNous ne vendons, n&rsquo;\u00e9changeons ou transf\u00e9rons d&rsquo;aucune autre mani\u00e8re \u00e0 des tiers vos informations personnellement identifiables, sauf si nous vous en informons pr\u00e9alablement. Cela n&rsquo;inclut pas les partenaires d&rsquo;h\u00e9bergement de sites Web et les autres parties qui nous aident \u00e0 exploiter notre site Web, \u00e0 mener nos activit\u00e9s ou \u00e0 servir nos utilisateurs, tant que ces parties acceptent de garder ces informations confidentielles. Nous pouvons \u00e9galement divulguer des informations lorsque leur divulgation est appropri\u00e9e pour se conformer \u00e0 la loi, appliquer les politiques de notre site ou prot\u00e9ger les droits, la propri\u00e9t\u00e9 ou la s\u00e9curit\u00e9 des n\u00f4tres ou d&rsquo;autrui.<br \/>\nCependant, des informations non personnellement identifiables sur les visiteurs peuvent \u00eatre fournies \u00e0 d&rsquo;autres parties \u00e0 des fins de marketing, de publicit\u00e9 ou \u00e0 d&rsquo;autres fins.<\/p>\n<h2><strong>Liens tiers<\/strong><\/h2>\n<p>Nous n&rsquo;incluons ni n&rsquo;offrons de produits ou services tiers sur notre site Web.<br \/>\nGoogle<br \/>\nLes exigences publicitaires de Google peuvent \u00eatre r\u00e9sum\u00e9es par les principes de publicit\u00e9 de Google. Ils sont mis en place pour offrir une exp\u00e9rience positive aux utilisateurs. <a href=\"https:\/\/support.google.com\/adwordspolicy\/answer\/1316548?hl=en\" target=\"_blank\" rel=\"nofollow noopener\">https:\/\/support.google.com\/adwordspolicy\/answer\/1316548?hl=en<\/a><\/p>\n<p>Nous n&rsquo;avons pas activ\u00e9 Google AdSense sur notre site, mais nous pourrons le faire \u00e0 l&rsquo;avenir.<\/p>\n<h2><strong>CAN SPAM Act<\/strong><\/h2>\n<p>La loi CAN-SPAM est une loi qui \u00e9tablit les r\u00e8gles pour le courrier \u00e9lectronique commercial, \u00e9tablit les exigences pour les messages commerciaux, donne aux destinataires le droit de ne plus leur envoyer de courriers \u00e9lectroniques et \u00e9nonce des sanctions s\u00e9v\u00e8res en cas de violation.<br \/>\nNous collectons votre adresse courriel afin:<\/p>\n<p>\u2022 D\u2019envoyer des informations, r\u00e9pondre aux demandes de renseignements et \/ ou \u00e0 d&rsquo;autres demandes ou questions;<br \/>\n\u2022 De vous ajouter \u00e0 notre liste de diffusion ou \u00e0 continuer d&rsquo;envoyer des courriels \u00e0 nos clients apr\u00e8s la transaction initiale.<br \/>\nPour \u00eatre en conformit\u00e9 avec CANSPAM, nous acceptons ce qui suit:<br \/>\n\u2022 Ne pas utiliser de sujets ou d&rsquo;adresses courriel faux ou trompeurs;<br \/>\n\u2022 Identifier le message comme une publicit\u00e9 d&rsquo;une mani\u00e8re raisonnable;<br \/>\n\u2022 Indiquer l&rsquo;adresse physique de notre si\u00e8ge social d&rsquo;entreprise ou de site;<br \/>\n\u2022 Surveiller la conformit\u00e9 des services de publicit\u00e9 par courriel tiers, le cas \u00e9ch\u00e9ant;<br \/>\n\u2022 Honorer rapidement les demandes de d\u00e9sabonnement ou d\u00e9sinscription;<br \/>\n\u2022 Autoriser les utilisateurs \u00e0 se d\u00e9sinscrire en utilisant le lien \u00e0 la fin de chaque courriel.<\/p>\n<h2>Loi de la Californie sur la protection de la vie priv\u00e9e en ligne<\/h2>\n<p>CalOPPA est la premi\u00e8re loi d&rsquo;\u00c9tat du pays \u00e0 exiger que les sites Web commerciaux et les services en ligne affichent une politique de confidentialit\u00e9. La port\u00e9e de la loi s&rsquo;\u00e9tend bien au-del\u00e0 de la Californie. Cette loi exige que toute personne ou entreprise aux \u00c9tats-Unis (et \u00e9ventuellement dans le monde), qui exploite des sites Web collectant des informations personnellement identifiables aupr\u00e8s de consommateurs californiens, publie une politique de confidentialit\u00e9 bien visible sur son site Web indiquant exactement les informations collect\u00e9es et celles des personnes ou des entreprises avec lesquelles elle les a partag\u00e9es. &#8211; Voir plus \u00e0: <a href=\"http:\/\/consumercal.org\/california-online-privacy-protection-act-caloppa\/#sthash.0FdRbT51.dpuf\" target=\"_blank\" rel=\"nofollow noopener\">http:\/\/consumercal.org\/california-online-privacy-protection-act-caloppa\/#sthash.0FdRbT51.dpuf<\/a><\/p>\n<p>Selon CalOPPA, nous convenons ce qui suit:<\/p>\n<p>\u2022 Les utilisateurs peuvent visiter notre site de mani\u00e8re anonyme.<br \/>\n\u2022 Une fois que cette politique de confidentialit\u00e9 sera cr\u00e9\u00e9e, nous y ajouterons un lien sur notre page d&rsquo;accueil ou, au minimum, sur la premi\u00e8re page importante apr\u00e8s avoir acc\u00e9d\u00e9 \u00e0 notre site Web.<br \/>\n\u2022 Notre lien de politique de confidentialit\u00e9 comprend le mot \u00ab confidentialit\u00e9 \u00bb est facilement trouv\u00e9 sur la page sp\u00e9cifi\u00e9e ci-dessus.<\/p>\n<p>Vous serez inform\u00e9s de tout changement de politique de confidentialit\u00e9 sur notre page Politique de confidentialit\u00e9. En tout moment, vous pouvez modifier vos informations personnelles en nous envoyant un courriel.<\/p>\n<h2><strong>Comment notre site traite-t-il les signaux \u00ab Ne pas suivre \u00bb?<\/strong><\/h2>\n<p>Nous honorons, Ne pas suivre les signaux et Ne pas suivre, plantons des cookies, ou utilisons de la publicit\u00e9 lorsqu&rsquo;un m\u00e9canisme de navigateur Ne pas suivre (DNT) est en place.<\/p>\n<h2><strong>Est-ce que notre site permet-il un suivi du comportement des tiers?<\/strong><\/h2>\n<p>Il est \u00e9galement important de noter que nous autorisons le suivi comportemental de tiers, comme Google et d&rsquo;autres services li\u00e9s \u00e0 l&rsquo;optimisation des moteurs de recherche.<br \/>\nCOPPA (Loi sur la protection de la vie priv\u00e9e des enfants en ligne)<br \/>\nEn ce qui concerne la collecte d&rsquo;informations personnelles aupr\u00e8s d&rsquo;enfants de moins de 13 ans, la loi sur la protection de la vie priv\u00e9e des enfants en ligne (COPPA) met les parents sous contr\u00f4le.<br \/>\nLa Commission f\u00e9d\u00e9rale du commerce, l&rsquo;agence am\u00e9ricaine de protection des consommateurs, applique la r\u00e8gle COPPA, qui pr\u00e9cise ce que les op\u00e9rateurs de sites Web et de services en ligne doivent faire pour prot\u00e9ger la vie priv\u00e9e et la s\u00e9curit\u00e9 des enfants en ligne.<br \/>\nNous ne commercialisons pas sp\u00e9cifiquement les enfants de moins de 13 ans.<\/p>\n<h2><strong>Pratiques d&rsquo;information \u00e9quitables<\/strong><\/h2>\n<p>Les principes des pratiques \u00e9quitables en mati\u00e8re d&rsquo;information constituent l&rsquo;\u00e9pine dorsale du droit de la vie priv\u00e9e aux \u00c9tats-Unis et les concepts qu&rsquo;ils contiennent ont jou\u00e9 un r\u00f4le important dans l&rsquo;\u00e9laboration de lois sur la protection des donn\u00e9es dans le monde entier. Il est essentiel de comprendre les principes de pratiques \u00e9quitables en mati\u00e8re d&rsquo;information et la mani\u00e8re dont ils doivent \u00eatre mis en \u0153uvre pour se conformer aux diverses lois sur la confidentialit\u00e9 qui prot\u00e8gent les informations personnelles.<br \/>\nAfin d&rsquo;\u00eatre conforme aux pratiques \u00e9quitables en mati\u00e8re d&rsquo;information, nous prendrons les mesures correctives suivantes, en cas de violation des donn\u00e9es:<br \/>\n\u2022 Nous vous informerons par courriel, dans les 7 jours ouvrables;<br \/>\n\u2022 Nous informerons les utilisateurs via une notification sur site, dans les 7 jours ouvrables.<\/p>\n<h2><strong>Se d\u00e9sabonner<\/strong><\/h2>\n<p>Si, \u00e0 tout moment, vous souhaitez vous d\u00e9sabonner de la r\u00e9ception de futurs courriels, vous pouvez nous envoyer un courriel \u00e0 sales@namtek.ca ou suivre les instructions \u00e0 la fin de chaque courriel. Nous vous retirerons rapidement de TOUTES les correspondances.<br \/>\nNous joindre<br \/>\nSi vous avez des questions concernant cette politique de confidentialit\u00e9, vous pouvez nous contacter en utilisant les informations suivantes :<br \/>\n<a href=\"https:\/\/www.namtek.ca\/fr\/\">https:\/\/www.namtek.ca\/fr\/<\/a><br \/>\n400 Boul. Cur\u00e9-Labelle, #304<br \/>\nLaval, QC H7V 2S7<br \/>\nCanada<br \/>\n(450) 681-3009<\/p>\n<p>Derni\u00e8re modification le 2022-11-22<\/p>\n<\/div><\/section><\/div><\/p>\n","protected":false},"excerpt":{"rendered":"","protected":false},"author":35,"featured_media":0,"parent":0,"menu_order":30,"comment_status":"closed","ping_status":"closed","template":"","meta":{"_lmt_disableupdate":"","_lmt_disable":"","_monsterinsights_skip_tracking":false,"_monsterinsights_sitenote_active":false,"_monsterinsights_sitenote_note":"","_monsterinsights_sitenote_category":0,"footnotes":"","_links_to":"","_links_to_target":""},"categories":[],"tags":[2230],"class_list":["post-26749","page","type-page","status-publish","hentry","tag-services-de-conseil-namtek"],"aioseo_notices":[],"_links":{"self":[{"href":"https:\/\/www.namtek.ca\/fr\/wp-json\/wp\/v2\/pages\/26749","targetHints":{"allow":["GET"]}}],"collection":[{"href":"https:\/\/www.namtek.ca\/fr\/wp-json\/wp\/v2\/pages"}],"about":[{"href":"https:\/\/www.namtek.ca\/fr\/wp-json\/wp\/v2\/types\/page"}],"author":[{"embeddable":true,"href":"https:\/\/www.namtek.ca\/fr\/wp-json\/wp\/v2\/users\/35"}],"replies":[{"embeddable":true,"href":"https:\/\/www.namtek.ca\/fr\/wp-json\/wp\/v2\/comments?post=26749"}],"version-history":[{"count":4,"href":"https:\/\/www.namtek.ca\/fr\/wp-json\/wp\/v2\/pages\/26749\/revisions"}],"predecessor-version":[{"id":27988,"href":"https:\/\/www.namtek.ca\/fr\/wp-json\/wp\/v2\/pages\/26749\/revisions\/27988"}],"wp:attachment":[{"href":"https:\/\/www.namtek.ca\/fr\/wp-json\/wp\/v2\/media?parent=26749"}],"wp:term":[{"taxonomy":"category","embeddable":true,"href":"https:\/\/www.namtek.ca\/fr\/wp-json\/wp\/v2\/categories?post=26749"},{"taxonomy":"post_tag","embeddable":true,"href":"https:\/\/www.namtek.ca\/fr\/wp-json\/wp\/v2\/tags?post=26749"}],"curies":[{"name":"wp","href":"https:\/\/api.w.org\/{rel}","templated":true}]}}